{"id":3,"date":"2024-12-29T12:39:14","date_gmt":"2024-12-29T12:39:14","guid":{"rendered":"https:\/\/steelstrong.se\/webshop\/?page_id=3"},"modified":"2025-02-19T16:45:40","modified_gmt":"2025-02-19T16:45:40","slug":"integritetspolicy","status":"publish","type":"page","link":"https:\/\/steelstrong.se\/webshop\/index.php\/integritetspolicy\/","title":{"rendered":"Integritetspolicy"},"content":{"rendered":"\n<h2 class=\"wp-block-heading\"><strong>Senast uppdaterad: 19-02-2025<\/strong><\/h2>\n\n\n\n<p><strong>Din integritet \u00e4r viktig f\u00f6r oss p\u00e5 STEEL STRONG.<\/strong> D\u00e4rf\u00f6r har vi sammanst\u00e4llt denna integritetspolicy, d\u00e4r du f\u00e5r fullst\u00e4ndig information om hur vi samlar in, anv\u00e4nder och skyddar dina personuppgifter i enlighet med <a href=\"https:\/\/www.imy.se\/verksamhet\/dataskydd\/det-har-galler-enligt-gdpr\/\" target=\"_blank\" rel=\"noreferrer noopener\">GDPR<\/a>. Vi hanterar dina uppgifter ansvarsfullt, och eftersom transparens \u00e4r v\u00e5r h\u00f6gsta prioritet, vill vi tydligt f\u00f6rklara dina r\u00e4ttigheter samt hur vi s\u00e4kerst\u00e4ller en trygg k\u00f6pupplevelse. Har du fr\u00e5gor? Tveka inte att kontakta oss!<\/p>\n\n\n\n<h2 class=\"wp-block-heading\">1. Insamling av personuppgifter<\/h2>\n\n\n\n<p>Vi samlar in personuppgifter n\u00e4r du:<\/p>\n\n\n\n<ul class=\"wp-block-list\">\n<li><strong>Registrerar ett konto<\/strong> som f\u00f6retagskund.<\/li>\n\n\n\n<li><strong>G\u00f6r en best\u00e4llning<\/strong> via v\u00e5r webbplats.<\/li>\n\n\n\n<li><strong>Kontaktar oss<\/strong> via formul\u00e4r, e-post eller telefon.<\/li>\n\n\n\n<li><strong>Prenumererar p\u00e5 v\u00e5rt nyhetsbrev<\/strong> f\u00f6r att ta del av erbjudanden och nyheter.<\/li>\n\n\n\n<li><strong>Bes\u00f6ker och interagerar med v\u00e5r webbplats<\/strong>, exempelvis via cookies och analysverktyg.<\/li>\n<\/ul>\n\n\n\n<p>De uppgifter vi kan samla in inkluderar bland annat:<\/p>\n\n\n\n<ul class=\"wp-block-list\">\n<li><strong>Namn, adress, e-postadress och telefonnummer<\/strong> f\u00f6r att kunna hantera din best\u00e4llning.<\/li>\n\n\n\n<li><strong>F\u00f6retagsinformation och organisationsnummer<\/strong> (g\u00e4ller enbart f\u00f6retagskunder).<\/li>\n\n\n\n<li><strong>Betalningsuppgifter<\/strong> som kr\u00e4vs f\u00f6r att genomf\u00f6ra ditt k\u00f6p.<\/li>\n\n\n\n<li><strong>IP-adress och webbplatsaktivitet<\/strong>, vilket hj\u00e4lper oss att analysera och f\u00f6rb\u00e4ttra v\u00e5r webbplats.<\/li>\n<\/ul>\n\n\n\n<h2 class=\"wp-block-heading\">2. Hur vi anv\u00e4nder dina uppgifter<\/h2>\n\n\n\n<p>F\u00f6r att ge dig den b\u00e4sta m\u00f6jliga upplevelsen anv\u00e4nder vi dina uppgifter till att:<\/p>\n\n\n\n<ul class=\"wp-block-list\">\n<li><strong>Behandla och leverera din best\u00e4llning<\/strong> s\u00e5 snabbt och smidigt som m\u00f6jligt.<\/li>\n\n\n\n<li><strong>Hantera ditt konto<\/strong> och ge dig tillg\u00e5ng till f\u00f6retagspriser.<\/li>\n\n\n\n<li><strong>Kommunicera med dig<\/strong> g\u00e4llande din order eller eventuella kundservice\u00e4renden.<\/li>\n\n\n\n<li><strong>Skicka erbjudanden, nyhetsbrev och marknadsf\u00f6ring<\/strong>, men endast om du har samtyckt till detta.<\/li>\n\n\n\n<li><strong>Analysera och f\u00f6rb\u00e4ttra v\u00e5r webbplats<\/strong> f\u00f6r att optimera anv\u00e4ndarupplevelsen och g\u00f6ra inneh\u00e5llet mer relevant f\u00f6r dig.<\/li>\n<\/ul>\n\n\n\n<h2 class=\"wp-block-heading\">3. Delning av uppgifter<\/h2>\n\n\n\n<p>F\u00f6r att s\u00e4kerst\u00e4lla en smidig k\u00f6pprocess och leverans kan vi beh\u00f6va dela dina uppgifter med:<\/p>\n\n\n\n<ul class=\"wp-block-list\">\n<li><strong>Betalningsleverant\u00f6rer<\/strong>, som hanterar dina transaktioner p\u00e5 ett s\u00e4kert s\u00e4tt.<\/li>\n\n\n\n<li><strong>Fraktbolag<\/strong>, f\u00f6r att din best\u00e4llning ska kunna levereras till r\u00e4tt adress.<\/li>\n\n\n\n<li><strong>Tredjepartsleverant\u00f6rer<\/strong>, exempelvis f\u00f6r analys och marknadsf\u00f6ring (endast anonymiserad data).<\/li>\n<\/ul>\n\n\n\n<p>Viktigt att veta \u00e4r att <strong>vi aldrig s\u00e4ljer dina uppgifter till tredje part<\/strong>.<\/p>\n\n\n\n<h2 class=\"wp-block-heading\">4. Cookies och sp\u00e5rning<\/h2>\n\n\n\n<p>F\u00f6r att f\u00f6rb\u00e4ttra din upplevelse p\u00e5 v\u00e5r webbplats anv\u00e4nder vi cookies. Dessa hj\u00e4lper oss att analysera trafik, anpassa inneh\u00e5ll och skapa en mer skr\u00e4ddarsydd upplevelse f\u00f6r dig. Du kan n\u00e4r som helst justera dina cookie-inst\u00e4llningar via din webbl\u00e4sare.<\/p>\n\n\n\n<h2 class=\"wp-block-heading\">5. Dina r\u00e4ttigheter<\/h2>\n\n\n\n<p>Enligt g\u00e4llande lagstiftning har du r\u00e4tt att:<\/p>\n\n\n\n<ul class=\"wp-block-list\">\n<li><strong>Beg\u00e4ra tillg\u00e5ng till dina personuppgifter<\/strong> f\u00f6r att se vilken information vi har lagrat.<\/li>\n\n\n\n<li><strong>R\u00e4tta felaktiga uppgifter<\/strong>, om n\u00e5got inte st\u00e4mmer.<\/li>\n\n\n\n<li><strong>Beg\u00e4ra radering av dina uppgifter<\/strong>, med vissa undantag, exempelvis om lagkrav kr\u00e4ver att vi sparar informationen.<\/li>\n\n\n\n<li><strong>Avregistrera dig fr\u00e5n marknadsf\u00f6ring<\/strong>, om du inte l\u00e4ngre vill ta emot erbjudanden eller nyhetsbrev.<\/li>\n<\/ul>\n\n\n\n<h2 class=\"wp-block-heading\">6. S\u00e4kerhet och lagring av uppgifter<\/h2>\n\n\n\n<p>F\u00f6r att skydda dina personuppgifter vidtar vi olika s\u00e4kerhets\u00e5tg\u00e4rder som f\u00f6rhindrar obeh\u00f6rig \u00e5tkomst, missbruk eller f\u00f6rlust av data. Dina uppgifter lagras endast s\u00e5 l\u00e4nge det \u00e4r n\u00f6dv\u00e4ndigt f\u00f6r att uppfylla v\u00e5ra \u00e5taganden eller i enlighet med g\u00e4llande lagstiftning.<\/p>\n\n\n\n<div class=\"wp-block-media-text is-stacked-on-mobile\" style=\"margin-top:var(--wp--preset--spacing--small);margin-bottom:var(--wp--preset--spacing--small);grid-template-columns:36% auto\"><figure class=\"wp-block-media-text__media\"><a href=\"https:\/\/steelstrong.se\/webshop\/\"><img data-recalc-dims=\"1\" loading=\"lazy\" decoding=\"async\" width=\"950\" height=\"634\" src=\"https:\/\/i0.wp.com\/steelstrong.se\/webshop\/wp-content\/uploads\/2025\/02\/9653d24c-4b91-455b-9a97-8bba115fdb37.jpg?resize=950%2C634&#038;ssl=1\" alt=\"Steel Strong integritetspolicy\" class=\"wp-image-875 size-full\" srcset=\"https:\/\/i0.wp.com\/steelstrong.se\/webshop\/wp-content\/uploads\/2025\/02\/9653d24c-4b91-455b-9a97-8bba115fdb37-scaled.jpg?resize=1024%2C683&amp;ssl=1 1024w, https:\/\/i0.wp.com\/steelstrong.se\/webshop\/wp-content\/uploads\/2025\/02\/9653d24c-4b91-455b-9a97-8bba115fdb37-scaled.jpg?resize=300%2C200&amp;ssl=1 300w, https:\/\/i0.wp.com\/steelstrong.se\/webshop\/wp-content\/uploads\/2025\/02\/9653d24c-4b91-455b-9a97-8bba115fdb37-scaled.jpg?resize=2000%2C1333&amp;ssl=1 2000w, https:\/\/i0.wp.com\/steelstrong.se\/webshop\/wp-content\/uploads\/2025\/02\/9653d24c-4b91-455b-9a97-8bba115fdb37-scaled.jpg?w=1900&amp;ssl=1 1900w\" sizes=\"auto, (max-width: 950px) 100vw, 950px\" \/><\/a><\/figure><div class=\"wp-block-media-text__content\">\n<h2 class=\"wp-block-heading\"><strong>Kontakt &amp; Support<\/strong><\/h2>\n\n\n\n<p>Om du har fr\u00e5gor g\u00e4llande v\u00e5r integritetspolicy eller vill ut\u00f6va dina r\u00e4ttigheter, kontakta oss p\u00e5:<\/p>\n\n\n\n<p>E-post:\u00a0<strong><a href=\"mailto:info@steelstrong.se\" target=\"_blank\" rel=\"noreferrer noopener\">info@steelstrong.se<\/a><\/strong><br>Telefon:\u00a0<a href=\"tel:+46706143685\"><strong>+46 70 614 36 85<\/strong><\/a><br>Adress:\u00a0<strong>Munker\u00f6dsv\u00e4gen 27, 444 32 Stenungsund<\/strong><\/p>\n<\/div><\/div>\n","protected":false},"excerpt":{"rendered":"<p>Senast uppdaterad: 19-02-2025 Din integritet \u00e4r viktig f\u00f6r oss p\u00e5 STEEL STRONG. D\u00e4rf\u00f6r har vi sammanst\u00e4llt denna integritetspolicy, d\u00e4r du f\u00e5r fullst\u00e4ndig information om hur vi samlar in, anv\u00e4nder och skyddar dina personuppgifter i enlighet med GDPR. Vi hanterar dina uppgifter ansvarsfullt, och eftersom transparens \u00e4r v\u00e5r h\u00f6gsta prioritet, vill vi tydligt f\u00f6rklara dina r\u00e4ttigheter &hellip; <\/p>\n<p class=\"link-more\"><a href=\"https:\/\/steelstrong.se\/webshop\/index.php\/integritetspolicy\/\" class=\"more-link\">L\u00e4s mer<span class=\"screen-reader-text\"> \u201dIntegritetspolicy\u201d<\/span><\/a><\/p>\n","protected":false},"author":1,"featured_media":0,"parent":0,"menu_order":0,"comment_status":"closed","ping_status":"closed","template":"","meta":{"footnotes":""},"class_list":["post-3","page","type-page","status-publish","hentry"],"yoast_head":"<!-- This site is optimized with the Yoast SEO plugin v25.3.1 - https:\/\/yoast.com\/wordpress\/plugins\/seo\/ -->\n<title>Integritetspolicy - STEEL STRONG<\/title>\n<meta name=\"description\" content=\"Vi v\u00e4rnar om dina personuppgifter. L\u00e4s v\u00e5r integritetspolicy hur vi samlar in, anv\u00e4nder, lagrar och skyddar dina uppgifter p\u00e5 v\u00e5r hemsida.\" \/>\n<meta name=\"robots\" content=\"index, follow, max-snippet:-1, max-image-preview:large, max-video-preview:-1\" \/>\n<link rel=\"canonical\" href=\"https:\/\/steelstrong.se\/webshop\/index.php\/integritetspolicy\/\" \/>\n<meta property=\"og:locale\" content=\"sv_SE\" \/>\n<meta property=\"og:type\" content=\"article\" \/>\n<meta property=\"og:title\" content=\"Integritetspolicy - STEEL STRONG\" \/>\n<meta property=\"og:description\" content=\"Vi v\u00e4rnar om dina personuppgifter. L\u00e4s v\u00e5r integritetspolicy hur vi samlar in, anv\u00e4nder, lagrar och skyddar dina uppgifter p\u00e5 v\u00e5r hemsida.\" \/>\n<meta property=\"og:url\" content=\"https:\/\/steelstrong.se\/webshop\/index.php\/integritetspolicy\/\" \/>\n<meta property=\"og:site_name\" content=\"STEEL STRONG\" \/>\n<meta property=\"article:modified_time\" content=\"2025-02-19T16:45:40+00:00\" \/>\n<meta property=\"og:image\" content=\"https:\/\/steelstrong.se\/webshop\/wp-content\/uploads\/2025\/02\/9653d24c-4b91-455b-9a97-8bba115fdb37-1024x683.jpg\" \/>\n<meta name=\"twitter:card\" content=\"summary_large_image\" \/>\n<meta name=\"twitter:label1\" content=\"Ber\u00e4knad l\u00e4stid\" \/>\n\t<meta name=\"twitter:data1\" content=\"3 minuter\" \/>\n<script type=\"application\/ld+json\" class=\"yoast-schema-graph\">{\"@context\":\"https:\/\/schema.org\",\"@graph\":[{\"@type\":\"WebPage\",\"@id\":\"https:\/\/steelstrong.se\/webshop\/index.php\/integritetspolicy\/\",\"url\":\"https:\/\/steelstrong.se\/webshop\/index.php\/integritetspolicy\/\",\"name\":\"Integritetspolicy - STEEL STRONG\",\"isPartOf\":{\"@id\":\"https:\/\/steelstrong.se\/webshop\/#website\"},\"primaryImageOfPage\":{\"@id\":\"https:\/\/steelstrong.se\/webshop\/index.php\/integritetspolicy\/#primaryimage\"},\"image\":{\"@id\":\"https:\/\/steelstrong.se\/webshop\/index.php\/integritetspolicy\/#primaryimage\"},\"thumbnailUrl\":\"https:\/\/steelstrong.se\/webshop\/wp-content\/uploads\/2025\/02\/9653d24c-4b91-455b-9a97-8bba115fdb37-1024x683.jpg\",\"datePublished\":\"2024-12-29T12:39:14+00:00\",\"dateModified\":\"2025-02-19T16:45:40+00:00\",\"description\":\"Vi v\u00e4rnar om dina personuppgifter. L\u00e4s v\u00e5r integritetspolicy hur vi samlar in, anv\u00e4nder, lagrar och skyddar dina uppgifter p\u00e5 v\u00e5r hemsida.\",\"breadcrumb\":{\"@id\":\"https:\/\/steelstrong.se\/webshop\/index.php\/integritetspolicy\/#breadcrumb\"},\"inLanguage\":\"sv-SE\",\"potentialAction\":[{\"@type\":\"ReadAction\",\"target\":[\"https:\/\/steelstrong.se\/webshop\/index.php\/integritetspolicy\/\"]}]},{\"@type\":\"ImageObject\",\"inLanguage\":\"sv-SE\",\"@id\":\"https:\/\/steelstrong.se\/webshop\/index.php\/integritetspolicy\/#primaryimage\",\"url\":\"https:\/\/steelstrong.se\/webshop\/wp-content\/uploads\/2025\/02\/9653d24c-4b91-455b-9a97-8bba115fdb37-scaled.jpg\",\"contentUrl\":\"https:\/\/steelstrong.se\/webshop\/wp-content\/uploads\/2025\/02\/9653d24c-4b91-455b-9a97-8bba115fdb37-scaled.jpg\",\"width\":2560,\"height\":1707},{\"@type\":\"BreadcrumbList\",\"@id\":\"https:\/\/steelstrong.se\/webshop\/index.php\/integritetspolicy\/#breadcrumb\",\"itemListElement\":[{\"@type\":\"ListItem\",\"position\":1,\"name\":\"Hem\",\"item\":\"https:\/\/steelstrong.se\/webshop\/\"},{\"@type\":\"ListItem\",\"position\":2,\"name\":\"Integritetspolicy\"}]},{\"@type\":\"WebSite\",\"@id\":\"https:\/\/steelstrong.se\/webshop\/#website\",\"url\":\"https:\/\/steelstrong.se\/webshop\/\",\"name\":\"STEEL STRONG\",\"description\":\"Svensktillverkad Gymutrustning\",\"publisher\":{\"@id\":\"https:\/\/steelstrong.se\/webshop\/#organization\"},\"potentialAction\":[{\"@type\":\"SearchAction\",\"target\":{\"@type\":\"EntryPoint\",\"urlTemplate\":\"https:\/\/steelstrong.se\/webshop\/?s={search_term_string}\"},\"query-input\":{\"@type\":\"PropertyValueSpecification\",\"valueRequired\":true,\"valueName\":\"search_term_string\"}}],\"inLanguage\":\"sv-SE\"},{\"@type\":\"Organization\",\"@id\":\"https:\/\/steelstrong.se\/webshop\/#organization\",\"name\":\"STEEL STRONG\",\"url\":\"https:\/\/steelstrong.se\/webshop\/\",\"logo\":{\"@type\":\"ImageObject\",\"inLanguage\":\"sv-SE\",\"@id\":\"https:\/\/steelstrong.se\/webshop\/#\/schema\/logo\/image\/\",\"url\":\"https:\/\/steelstrong.se\/webshop\/wp-content\/uploads\/2025\/01\/cropped-Keniwo-Logo-kvadrat-2.png\",\"contentUrl\":\"https:\/\/steelstrong.se\/webshop\/wp-content\/uploads\/2025\/01\/cropped-Keniwo-Logo-kvadrat-2.png\",\"width\":750,\"height\":114,\"caption\":\"STEEL STRONG\"},\"image\":{\"@id\":\"https:\/\/steelstrong.se\/webshop\/#\/schema\/logo\/image\/\"},\"sameAs\":[\"https:\/\/www.instagram.com\/steelstrong_fabrication\/\"]}]}<\/script>\n<!-- \/ Yoast SEO plugin. -->","yoast_head_json":{"title":"Integritetspolicy - STEEL STRONG","description":"Vi v\u00e4rnar om dina personuppgifter. L\u00e4s v\u00e5r integritetspolicy hur vi samlar in, anv\u00e4nder, lagrar och skyddar dina uppgifter p\u00e5 v\u00e5r hemsida.","robots":{"index":"index","follow":"follow","max-snippet":"max-snippet:-1","max-image-preview":"max-image-preview:large","max-video-preview":"max-video-preview:-1"},"canonical":"https:\/\/steelstrong.se\/webshop\/index.php\/integritetspolicy\/","og_locale":"sv_SE","og_type":"article","og_title":"Integritetspolicy - STEEL STRONG","og_description":"Vi v\u00e4rnar om dina personuppgifter. L\u00e4s v\u00e5r integritetspolicy hur vi samlar in, anv\u00e4nder, lagrar och skyddar dina uppgifter p\u00e5 v\u00e5r hemsida.","og_url":"https:\/\/steelstrong.se\/webshop\/index.php\/integritetspolicy\/","og_site_name":"STEEL STRONG","article_modified_time":"2025-02-19T16:45:40+00:00","og_image":[{"url":"https:\/\/steelstrong.se\/webshop\/wp-content\/uploads\/2025\/02\/9653d24c-4b91-455b-9a97-8bba115fdb37-1024x683.jpg","type":"","width":"","height":""}],"twitter_card":"summary_large_image","twitter_misc":{"Ber\u00e4knad l\u00e4stid":"3 minuter"},"schema":{"@context":"https:\/\/schema.org","@graph":[{"@type":"WebPage","@id":"https:\/\/steelstrong.se\/webshop\/index.php\/integritetspolicy\/","url":"https:\/\/steelstrong.se\/webshop\/index.php\/integritetspolicy\/","name":"Integritetspolicy - STEEL STRONG","isPartOf":{"@id":"https:\/\/steelstrong.se\/webshop\/#website"},"primaryImageOfPage":{"@id":"https:\/\/steelstrong.se\/webshop\/index.php\/integritetspolicy\/#primaryimage"},"image":{"@id":"https:\/\/steelstrong.se\/webshop\/index.php\/integritetspolicy\/#primaryimage"},"thumbnailUrl":"https:\/\/steelstrong.se\/webshop\/wp-content\/uploads\/2025\/02\/9653d24c-4b91-455b-9a97-8bba115fdb37-1024x683.jpg","datePublished":"2024-12-29T12:39:14+00:00","dateModified":"2025-02-19T16:45:40+00:00","description":"Vi v\u00e4rnar om dina personuppgifter. L\u00e4s v\u00e5r integritetspolicy hur vi samlar in, anv\u00e4nder, lagrar och skyddar dina uppgifter p\u00e5 v\u00e5r hemsida.","breadcrumb":{"@id":"https:\/\/steelstrong.se\/webshop\/index.php\/integritetspolicy\/#breadcrumb"},"inLanguage":"sv-SE","potentialAction":[{"@type":"ReadAction","target":["https:\/\/steelstrong.se\/webshop\/index.php\/integritetspolicy\/"]}]},{"@type":"ImageObject","inLanguage":"sv-SE","@id":"https:\/\/steelstrong.se\/webshop\/index.php\/integritetspolicy\/#primaryimage","url":"https:\/\/steelstrong.se\/webshop\/wp-content\/uploads\/2025\/02\/9653d24c-4b91-455b-9a97-8bba115fdb37-scaled.jpg","contentUrl":"https:\/\/steelstrong.se\/webshop\/wp-content\/uploads\/2025\/02\/9653d24c-4b91-455b-9a97-8bba115fdb37-scaled.jpg","width":2560,"height":1707},{"@type":"BreadcrumbList","@id":"https:\/\/steelstrong.se\/webshop\/index.php\/integritetspolicy\/#breadcrumb","itemListElement":[{"@type":"ListItem","position":1,"name":"Hem","item":"https:\/\/steelstrong.se\/webshop\/"},{"@type":"ListItem","position":2,"name":"Integritetspolicy"}]},{"@type":"WebSite","@id":"https:\/\/steelstrong.se\/webshop\/#website","url":"https:\/\/steelstrong.se\/webshop\/","name":"STEEL STRONG","description":"Svensktillverkad Gymutrustning","publisher":{"@id":"https:\/\/steelstrong.se\/webshop\/#organization"},"potentialAction":[{"@type":"SearchAction","target":{"@type":"EntryPoint","urlTemplate":"https:\/\/steelstrong.se\/webshop\/?s={search_term_string}"},"query-input":{"@type":"PropertyValueSpecification","valueRequired":true,"valueName":"search_term_string"}}],"inLanguage":"sv-SE"},{"@type":"Organization","@id":"https:\/\/steelstrong.se\/webshop\/#organization","name":"STEEL STRONG","url":"https:\/\/steelstrong.se\/webshop\/","logo":{"@type":"ImageObject","inLanguage":"sv-SE","@id":"https:\/\/steelstrong.se\/webshop\/#\/schema\/logo\/image\/","url":"https:\/\/steelstrong.se\/webshop\/wp-content\/uploads\/2025\/01\/cropped-Keniwo-Logo-kvadrat-2.png","contentUrl":"https:\/\/steelstrong.se\/webshop\/wp-content\/uploads\/2025\/01\/cropped-Keniwo-Logo-kvadrat-2.png","width":750,"height":114,"caption":"STEEL STRONG"},"image":{"@id":"https:\/\/steelstrong.se\/webshop\/#\/schema\/logo\/image\/"},"sameAs":["https:\/\/www.instagram.com\/steelstrong_fabrication\/"]}]}},"jetpack_sharing_enabled":true,"jetpack_shortlink":"https:\/\/wp.me\/Pgg6th-3","_links":{"self":[{"href":"https:\/\/steelstrong.se\/webshop\/index.php\/wp-json\/wp\/v2\/pages\/3","targetHints":{"allow":["GET"]}}],"collection":[{"href":"https:\/\/steelstrong.se\/webshop\/index.php\/wp-json\/wp\/v2\/pages"}],"about":[{"href":"https:\/\/steelstrong.se\/webshop\/index.php\/wp-json\/wp\/v2\/types\/page"}],"author":[{"embeddable":true,"href":"https:\/\/steelstrong.se\/webshop\/index.php\/wp-json\/wp\/v2\/users\/1"}],"replies":[{"embeddable":true,"href":"https:\/\/steelstrong.se\/webshop\/index.php\/wp-json\/wp\/v2\/comments?post=3"}],"version-history":[{"count":9,"href":"https:\/\/steelstrong.se\/webshop\/index.php\/wp-json\/wp\/v2\/pages\/3\/revisions"}],"predecessor-version":[{"id":1294,"href":"https:\/\/steelstrong.se\/webshop\/index.php\/wp-json\/wp\/v2\/pages\/3\/revisions\/1294"}],"wp:attachment":[{"href":"https:\/\/steelstrong.se\/webshop\/index.php\/wp-json\/wp\/v2\/media?parent=3"}],"curies":[{"name":"wp","href":"https:\/\/api.w.org\/{rel}","templated":true}]}}