{"id":177,"date":"2024-12-29T13:02:07","date_gmt":"2024-12-29T13:02:07","guid":{"rendered":"https:\/\/steelstrong.se\/webshop\/index.php\/produkt\/steel-strong-hoodie-svart\/"},"modified":"2025-02-06T08:21:16","modified_gmt":"2025-02-06T08:21:16","slug":"steel-strong-hoodie-svart","status":"publish","type":"product","link":"https:\/\/steelstrong.se\/webshop\/index.php\/produkt\/steel-strong-hoodie-svart\/","title":{"rendered":"Steel Strong Hoodie Svart"},"content":{"rendered":"<p>Vi presenterar v\u00e5r Steel Strong Hoodie, det perfekta tillskottet till din tr\u00e4nings garderob. Denna hoodie \u00e4r gjord av h\u00f6gkvalitativt, h\u00e5llbart material och \u00e4r designad f\u00f6r att klara \u00e4ven de tuffaste tr\u00e4ningspass. Oavsett om du g\u00e5r till gymmet eller springer, \u00e4r Steel Strong Hoodie det perfekta valet f\u00f6r alla fitnessentusiaster.<\/p>\n<p>&nbsp;<\/p>\n","protected":false},"excerpt":{"rendered":"<p>Vi presenterar v\u00e5r Steel Strong Hoodie, det perfekta tillskottet till din tr\u00e4nings garderob. Denna hoodie \u00e4r gjord av h\u00f6gkvalitativt, h\u00e5llbart material och \u00e4r designad f\u00f6r att klara \u00e4ven de tuffaste tr\u00e4ningspass. Oavsett om du g\u00e5r till gymmet eller springer, \u00e4r Steel Strong Hoodie det perfekta valet f\u00f6r alla fitnessentusiaster. &nbsp;<\/p>\n","protected":false},"featured_media":557,"comment_status":"open","ping_status":"closed","template":"","meta":[],"product_brand":[],"product_cat":[22],"product_tag":[],"class_list":{"0":"post-177","1":"product","2":"type-product","3":"status-publish","4":"has-post-thumbnail","6":"product_cat-merch","7":"product_shipping_class-over-5-kg","9":"first","10":"instock","11":"shipping-taxable","12":"purchasable","13":"product-type-variable"},"yoast_head":"<!-- This site is optimized with the Yoast SEO plugin v25.3.1 - https:\/\/yoast.com\/wordpress\/plugins\/seo\/ -->\n<title>Steel Strong Hoodie Svart - STEEL STRONG<\/title>\n<meta name=\"description\" content=\"Skaffa din Steel Strong Hoodie Svart h\u00e4r!\" \/>\n<meta name=\"robots\" content=\"index, follow, max-snippet:-1, max-image-preview:large, max-video-preview:-1\" \/>\n<link rel=\"canonical\" href=\"https:\/\/steelstrong.se\/webshop\/index.php\/produkt\/steel-strong-hoodie-svart\/\" \/>\n<meta property=\"og:locale\" content=\"sv_SE\" \/>\n<meta property=\"og:type\" content=\"article\" \/>\n<meta property=\"og:title\" content=\"Steel Strong Hoodie Svart - STEEL STRONG\" \/>\n<meta property=\"og:description\" content=\"Skaffa din Steel Strong Hoodie Svart h\u00e4r!\" \/>\n<meta property=\"og:url\" content=\"https:\/\/steelstrong.se\/webshop\/index.php\/produkt\/steel-strong-hoodie-svart\/\" \/>\n<meta property=\"og:site_name\" content=\"STEEL STRONG\" \/>\n<meta property=\"article:modified_time\" content=\"2025-02-06T08:21:16+00:00\" \/>\n<meta property=\"og:image\" content=\"https:\/\/steelstrong.se\/webshop\/wp-content\/uploads\/2025\/01\/39.png\" \/>\n\t<meta property=\"og:image:width\" content=\"1080\" \/>\n\t<meta property=\"og:image:height\" content=\"1080\" \/>\n\t<meta property=\"og:image:type\" content=\"image\/png\" \/>\n<meta name=\"twitter:card\" content=\"summary_large_image\" \/>\n<meta name=\"twitter:label1\" content=\"Ber\u00e4knad l\u00e4stid\" \/>\n\t<meta name=\"twitter:data1\" content=\"1 minut\" \/>\n<script type=\"application\/ld+json\" class=\"yoast-schema-graph\">{\"@context\":\"https:\/\/schema.org\",\"@graph\":[{\"@type\":\"WebPage\",\"@id\":\"https:\/\/steelstrong.se\/webshop\/index.php\/produkt\/steel-strong-hoodie-svart\/\",\"url\":\"https:\/\/steelstrong.se\/webshop\/index.php\/produkt\/steel-strong-hoodie-svart\/\",\"name\":\"Steel Strong Hoodie Svart - STEEL STRONG\",\"isPartOf\":{\"@id\":\"https:\/\/steelstrong.se\/webshop\/#website\"},\"primaryImageOfPage\":{\"@id\":\"https:\/\/steelstrong.se\/webshop\/index.php\/produkt\/steel-strong-hoodie-svart\/#primaryimage\"},\"image\":{\"@id\":\"https:\/\/steelstrong.se\/webshop\/index.php\/produkt\/steel-strong-hoodie-svart\/#primaryimage\"},\"thumbnailUrl\":\"https:\/\/steelstrong.se\/webshop\/wp-content\/uploads\/2025\/01\/39.png\",\"datePublished\":\"2024-12-29T13:02:07+00:00\",\"dateModified\":\"2025-02-06T08:21:16+00:00\",\"description\":\"Skaffa din Steel Strong Hoodie Svart h\u00e4r!\",\"breadcrumb\":{\"@id\":\"https:\/\/steelstrong.se\/webshop\/index.php\/produkt\/steel-strong-hoodie-svart\/#breadcrumb\"},\"inLanguage\":\"sv-SE\",\"potentialAction\":[{\"@type\":\"ReadAction\",\"target\":[\"https:\/\/steelstrong.se\/webshop\/index.php\/produkt\/steel-strong-hoodie-svart\/\"]}]},{\"@type\":\"ImageObject\",\"inLanguage\":\"sv-SE\",\"@id\":\"https:\/\/steelstrong.se\/webshop\/index.php\/produkt\/steel-strong-hoodie-svart\/#primaryimage\",\"url\":\"https:\/\/steelstrong.se\/webshop\/wp-content\/uploads\/2025\/01\/39.png\",\"contentUrl\":\"https:\/\/steelstrong.se\/webshop\/wp-content\/uploads\/2025\/01\/39.png\",\"width\":1080,\"height\":1080},{\"@type\":\"BreadcrumbList\",\"@id\":\"https:\/\/steelstrong.se\/webshop\/index.php\/produkt\/steel-strong-hoodie-svart\/#breadcrumb\",\"itemListElement\":[{\"@type\":\"ListItem\",\"position\":1,\"name\":\"Hem\",\"item\":\"https:\/\/steelstrong.se\/webshop\/\"},{\"@type\":\"ListItem\",\"position\":2,\"name\":\"Butik\",\"item\":\"https:\/\/steelstrong.se\/webshop\/index.php\/butik\/\"},{\"@type\":\"ListItem\",\"position\":3,\"name\":\"Steel Strong Hoodie Svart\"}]},{\"@type\":\"WebSite\",\"@id\":\"https:\/\/steelstrong.se\/webshop\/#website\",\"url\":\"https:\/\/steelstrong.se\/webshop\/\",\"name\":\"STEEL STRONG\",\"description\":\"Svensktillverkad Gymutrustning\",\"publisher\":{\"@id\":\"https:\/\/steelstrong.se\/webshop\/#organization\"},\"potentialAction\":[{\"@type\":\"SearchAction\",\"target\":{\"@type\":\"EntryPoint\",\"urlTemplate\":\"https:\/\/steelstrong.se\/webshop\/?s={search_term_string}\"},\"query-input\":{\"@type\":\"PropertyValueSpecification\",\"valueRequired\":true,\"valueName\":\"search_term_string\"}}],\"inLanguage\":\"sv-SE\"},{\"@type\":\"Organization\",\"@id\":\"https:\/\/steelstrong.se\/webshop\/#organization\",\"name\":\"STEEL STRONG\",\"url\":\"https:\/\/steelstrong.se\/webshop\/\",\"logo\":{\"@type\":\"ImageObject\",\"inLanguage\":\"sv-SE\",\"@id\":\"https:\/\/steelstrong.se\/webshop\/#\/schema\/logo\/image\/\",\"url\":\"https:\/\/steelstrong.se\/webshop\/wp-content\/uploads\/2025\/01\/cropped-Keniwo-Logo-kvadrat-2.png\",\"contentUrl\":\"https:\/\/steelstrong.se\/webshop\/wp-content\/uploads\/2025\/01\/cropped-Keniwo-Logo-kvadrat-2.png\",\"width\":750,\"height\":114,\"caption\":\"STEEL STRONG\"},\"image\":{\"@id\":\"https:\/\/steelstrong.se\/webshop\/#\/schema\/logo\/image\/\"},\"sameAs\":[\"https:\/\/www.instagram.com\/steelstrong_fabrication\/\"]}]}<\/script>\n<!-- \/ Yoast SEO plugin. -->","yoast_head_json":{"title":"Steel Strong Hoodie Svart - STEEL STRONG","description":"Skaffa din Steel Strong Hoodie Svart h\u00e4r!","robots":{"index":"index","follow":"follow","max-snippet":"max-snippet:-1","max-image-preview":"max-image-preview:large","max-video-preview":"max-video-preview:-1"},"canonical":"https:\/\/steelstrong.se\/webshop\/index.php\/produkt\/steel-strong-hoodie-svart\/","og_locale":"sv_SE","og_type":"article","og_title":"Steel Strong Hoodie Svart - STEEL STRONG","og_description":"Skaffa din Steel Strong Hoodie Svart h\u00e4r!","og_url":"https:\/\/steelstrong.se\/webshop\/index.php\/produkt\/steel-strong-hoodie-svart\/","og_site_name":"STEEL STRONG","article_modified_time":"2025-02-06T08:21:16+00:00","og_image":[{"width":1080,"height":1080,"url":"https:\/\/steelstrong.se\/webshop\/wp-content\/uploads\/2025\/01\/39.png","type":"image\/png"}],"twitter_card":"summary_large_image","twitter_misc":{"Ber\u00e4knad l\u00e4stid":"1 minut"},"schema":{"@context":"https:\/\/schema.org","@graph":[{"@type":"WebPage","@id":"https:\/\/steelstrong.se\/webshop\/index.php\/produkt\/steel-strong-hoodie-svart\/","url":"https:\/\/steelstrong.se\/webshop\/index.php\/produkt\/steel-strong-hoodie-svart\/","name":"Steel Strong Hoodie Svart - STEEL STRONG","isPartOf":{"@id":"https:\/\/steelstrong.se\/webshop\/#website"},"primaryImageOfPage":{"@id":"https:\/\/steelstrong.se\/webshop\/index.php\/produkt\/steel-strong-hoodie-svart\/#primaryimage"},"image":{"@id":"https:\/\/steelstrong.se\/webshop\/index.php\/produkt\/steel-strong-hoodie-svart\/#primaryimage"},"thumbnailUrl":"https:\/\/steelstrong.se\/webshop\/wp-content\/uploads\/2025\/01\/39.png","datePublished":"2024-12-29T13:02:07+00:00","dateModified":"2025-02-06T08:21:16+00:00","description":"Skaffa din Steel Strong Hoodie Svart h\u00e4r!","breadcrumb":{"@id":"https:\/\/steelstrong.se\/webshop\/index.php\/produkt\/steel-strong-hoodie-svart\/#breadcrumb"},"inLanguage":"sv-SE","potentialAction":[{"@type":"ReadAction","target":["https:\/\/steelstrong.se\/webshop\/index.php\/produkt\/steel-strong-hoodie-svart\/"]}]},{"@type":"ImageObject","inLanguage":"sv-SE","@id":"https:\/\/steelstrong.se\/webshop\/index.php\/produkt\/steel-strong-hoodie-svart\/#primaryimage","url":"https:\/\/steelstrong.se\/webshop\/wp-content\/uploads\/2025\/01\/39.png","contentUrl":"https:\/\/steelstrong.se\/webshop\/wp-content\/uploads\/2025\/01\/39.png","width":1080,"height":1080},{"@type":"BreadcrumbList","@id":"https:\/\/steelstrong.se\/webshop\/index.php\/produkt\/steel-strong-hoodie-svart\/#breadcrumb","itemListElement":[{"@type":"ListItem","position":1,"name":"Hem","item":"https:\/\/steelstrong.se\/webshop\/"},{"@type":"ListItem","position":2,"name":"Butik","item":"https:\/\/steelstrong.se\/webshop\/index.php\/butik\/"},{"@type":"ListItem","position":3,"name":"Steel Strong Hoodie Svart"}]},{"@type":"WebSite","@id":"https:\/\/steelstrong.se\/webshop\/#website","url":"https:\/\/steelstrong.se\/webshop\/","name":"STEEL STRONG","description":"Svensktillverkad Gymutrustning","publisher":{"@id":"https:\/\/steelstrong.se\/webshop\/#organization"},"potentialAction":[{"@type":"SearchAction","target":{"@type":"EntryPoint","urlTemplate":"https:\/\/steelstrong.se\/webshop\/?s={search_term_string}"},"query-input":{"@type":"PropertyValueSpecification","valueRequired":true,"valueName":"search_term_string"}}],"inLanguage":"sv-SE"},{"@type":"Organization","@id":"https:\/\/steelstrong.se\/webshop\/#organization","name":"STEEL STRONG","url":"https:\/\/steelstrong.se\/webshop\/","logo":{"@type":"ImageObject","inLanguage":"sv-SE","@id":"https:\/\/steelstrong.se\/webshop\/#\/schema\/logo\/image\/","url":"https:\/\/steelstrong.se\/webshop\/wp-content\/uploads\/2025\/01\/cropped-Keniwo-Logo-kvadrat-2.png","contentUrl":"https:\/\/steelstrong.se\/webshop\/wp-content\/uploads\/2025\/01\/cropped-Keniwo-Logo-kvadrat-2.png","width":750,"height":114,"caption":"STEEL STRONG"},"image":{"@id":"https:\/\/steelstrong.se\/webshop\/#\/schema\/logo\/image\/"},"sameAs":["https:\/\/www.instagram.com\/steelstrong_fabrication\/"]}]}},"jetpack_sharing_enabled":true,"_links":{"self":[{"href":"https:\/\/steelstrong.se\/webshop\/index.php\/wp-json\/wp\/v2\/product\/177","targetHints":{"allow":["GET"]}}],"collection":[{"href":"https:\/\/steelstrong.se\/webshop\/index.php\/wp-json\/wp\/v2\/product"}],"about":[{"href":"https:\/\/steelstrong.se\/webshop\/index.php\/wp-json\/wp\/v2\/types\/product"}],"replies":[{"embeddable":true,"href":"https:\/\/steelstrong.se\/webshop\/index.php\/wp-json\/wp\/v2\/comments?post=177"}],"wp:featuredmedia":[{"embeddable":true,"href":"https:\/\/steelstrong.se\/webshop\/index.php\/wp-json\/wp\/v2\/media\/557"}],"wp:attachment":[{"href":"https:\/\/steelstrong.se\/webshop\/index.php\/wp-json\/wp\/v2\/media?parent=177"}],"wp:term":[{"taxonomy":"product_brand","embeddable":true,"href":"https:\/\/steelstrong.se\/webshop\/index.php\/wp-json\/wp\/v2\/product_brand?post=177"},{"taxonomy":"product_cat","embeddable":true,"href":"https:\/\/steelstrong.se\/webshop\/index.php\/wp-json\/wp\/v2\/product_cat?post=177"},{"taxonomy":"product_tag","embeddable":true,"href":"https:\/\/steelstrong.se\/webshop\/index.php\/wp-json\/wp\/v2\/product_tag?post=177"}],"curies":[{"name":"wp","href":"https:\/\/api.w.org\/{rel}","templated":true}]}}