{"id":192,"date":"2024-12-29T13:02:09","date_gmt":"2024-12-29T13:02:09","guid":{"rendered":"https:\/\/steelstrong.se\/webshop\/index.php\/produkt\/steel-strong-45-degree-back-raise\/"},"modified":"2026-01-23T03:48:54","modified_gmt":"2026-01-23T03:48:54","slug":"45-degree-back-raise","status":"publish","type":"product","link":"https:\/\/steelstrong.se\/webshop\/index.php\/produkt\/45-degree-back-raise\/","title":{"rendered":"45 Degree Back Raise"},"content":{"rendered":"<p>45 graders ryggresningsmaskin \u00e4r ett bra verktyg f\u00f6r att st\u00e4rka din nedre rygg och h\u00f6fter. Denna maskin \u00e4r designad f\u00f6r individer som vill rikta och st\u00e4rka sina nedre ryggmuskler, samt f\u00f6rb\u00e4ttra h\u00f6ftens flexibilitet och styrka. Med sin 45 graders vinkel m\u00f6jligg\u00f6r den ett komplett r\u00f6relse och korrekt aktivering av de riktade musklerna. Oavsett om du \u00e4r en nyb\u00f6rjare eller en erfaren idrottare \u00e4r denna ryggh\u00f6jningsmaskin ett utm\u00e4rkt s\u00e4tt att komplettera dina tr\u00e4ningspass i underkroppen och f\u00f6rb\u00e4ttra den \u00f6vergripande stabiliteten i den bakre kedjan (l\u00e4ndrygg, h\u00f6fter &amp; baksida l\u00e5r) . L\u00e4gg till denna maskin i din rutin och k\u00e4nn skillnaden i din styrka och h\u00e5llning.<\/p>\n<p>&nbsp;<\/p>\n","protected":false},"excerpt":{"rendered":"<p>45-graders ryggresningsmaskin \u00e4r ett effektivt verktyg f\u00f6r att st\u00e4rka nedre rygg och h\u00f6fter, f\u00f6rb\u00e4ttra flexibilitet och styrka, samt aktivera de riktade musklerna. Den passar b\u00e5de nyb\u00f6rjare och erfarna idrottare och hj\u00e4lper till att f\u00f6rb\u00e4ttra stabiliteten i den bakre kedjan (l\u00e4ndrygg, h\u00f6fter, baksida l\u00e5r).<\/p>\n<p><strong>Beg\u00e4r offert nedan<\/strong><\/p>\n[contact-form to=\"info@steelstrong.se\" subject=\"Lateral Raise Machine\"][contact-field label=\"Namn\" type=\"select\" required=\"1\" options=\"Privatperson,F\u00f6retag\"][contact-field label=\"E-post\" type=\"email\" required=\"1\"][contact-field label=\"Telefonnummer\" type=\"text\" required=\"1\"][contact-field label=\"Postadress och postnummer\" type=\"text\" required=\"1\"][contact-field label=\"Produkt\" type=\"select\" options=\"Adjustable bench,Chest supported row,45 degree back raise,Foldable back raise,Foldable reverse hyper,Incline benchpress machine,Hip abduction\/adductor,Lateral raise machine,Power runner,Pendulum squat,Press\/Squat combo,Seated row,Seal row bench,Standing leg curl,Competition bench,Power rack,Belt squat,Combo rack,Yoke &#038; farmers combo,Dumbbell storage,Deadlift plattform\"][contact-field label=\"Meddelande\" type=\"textarea\" required=\"1\"][\/contact-form]\n","protected":false},"featured_media":868,"comment_status":"open","ping_status":"closed","template":"","meta":[],"product_brand":[],"product_cat":[24,23,19],"product_tag":[],"class_list":{"0":"post-192","1":"product","2":"type-product","3":"status-publish","4":"has-post-thumbnail","6":"product_cat-bankar","7":"product_cat-maskiner","8":"product_cat-styrkeutrustning","9":"product_shipping_class-over-75-kg","11":"first","12":"instock","13":"taxable","14":"shipping-taxable","15":"purchasable","16":"product-type-simple"},"yoast_head":"<!-- This site is optimized with the Yoast SEO plugin v25.3.1 - https:\/\/yoast.com\/wordpress\/plugins\/seo\/ -->\n<title>45 Degree Back Raise - STEEL STRONG<\/title>\n<meta name=\"description\" content=\"St\u00e4rk den bakre kedjan (l\u00e4ndrygg, h\u00f6fter &amp; baksida) med denna kompletta ryggresningsmaskin. - STEEL STRONG svensktillverkad gymutrustning!\" \/>\n<meta name=\"robots\" content=\"index, follow, max-snippet:-1, max-image-preview:large, max-video-preview:-1\" \/>\n<link rel=\"canonical\" href=\"https:\/\/steelstrong.se\/webshop\/index.php\/produkt\/45-degree-back-raise\/\" \/>\n<meta property=\"og:locale\" content=\"sv_SE\" \/>\n<meta property=\"og:type\" content=\"article\" \/>\n<meta property=\"og:title\" content=\"45 Degree Back Raise - STEEL STRONG\" \/>\n<meta property=\"og:description\" content=\"St\u00e4rk den bakre kedjan (l\u00e4ndrygg, h\u00f6fter &amp; baksida) med denna kompletta ryggresningsmaskin. - STEEL STRONG svensktillverkad gymutrustning!\" \/>\n<meta property=\"og:url\" content=\"https:\/\/steelstrong.se\/webshop\/index.php\/produkt\/45-degree-back-raise\/\" \/>\n<meta property=\"og:site_name\" content=\"STEEL STRONG\" \/>\n<meta property=\"article:modified_time\" content=\"2026-01-23T03:48:54+00:00\" \/>\n<meta property=\"og:image\" content=\"https:\/\/steelstrong.se\/webshop\/wp-content\/uploads\/2024\/12\/Produktbilder-4.png\" \/>\n\t<meta property=\"og:image:width\" content=\"1080\" \/>\n\t<meta property=\"og:image:height\" content=\"1080\" \/>\n\t<meta property=\"og:image:type\" content=\"image\/png\" \/>\n<meta name=\"twitter:card\" content=\"summary_large_image\" \/>\n<meta name=\"twitter:label1\" content=\"Ber\u00e4knad l\u00e4stid\" \/>\n\t<meta name=\"twitter:data1\" content=\"1 minut\" \/>\n<script type=\"application\/ld+json\" class=\"yoast-schema-graph\">{\"@context\":\"https:\/\/schema.org\",\"@graph\":[{\"@type\":\"WebPage\",\"@id\":\"https:\/\/steelstrong.se\/webshop\/index.php\/produkt\/45-degree-back-raise\/\",\"url\":\"https:\/\/steelstrong.se\/webshop\/index.php\/produkt\/45-degree-back-raise\/\",\"name\":\"45 Degree Back Raise - STEEL STRONG\",\"isPartOf\":{\"@id\":\"https:\/\/steelstrong.se\/webshop\/#website\"},\"primaryImageOfPage\":{\"@id\":\"https:\/\/steelstrong.se\/webshop\/index.php\/produkt\/45-degree-back-raise\/#primaryimage\"},\"image\":{\"@id\":\"https:\/\/steelstrong.se\/webshop\/index.php\/produkt\/45-degree-back-raise\/#primaryimage\"},\"thumbnailUrl\":\"https:\/\/steelstrong.se\/webshop\/wp-content\/uploads\/2024\/12\/Produktbilder-4.png\",\"datePublished\":\"2024-12-29T13:02:09+00:00\",\"dateModified\":\"2026-01-23T03:48:54+00:00\",\"description\":\"St\u00e4rk den bakre kedjan (l\u00e4ndrygg, h\u00f6fter & baksida) med denna kompletta ryggresningsmaskin. - STEEL STRONG svensktillverkad gymutrustning!\",\"breadcrumb\":{\"@id\":\"https:\/\/steelstrong.se\/webshop\/index.php\/produkt\/45-degree-back-raise\/#breadcrumb\"},\"inLanguage\":\"sv-SE\",\"potentialAction\":[{\"@type\":\"ReadAction\",\"target\":[\"https:\/\/steelstrong.se\/webshop\/index.php\/produkt\/45-degree-back-raise\/\"]}]},{\"@type\":\"ImageObject\",\"inLanguage\":\"sv-SE\",\"@id\":\"https:\/\/steelstrong.se\/webshop\/index.php\/produkt\/45-degree-back-raise\/#primaryimage\",\"url\":\"https:\/\/steelstrong.se\/webshop\/wp-content\/uploads\/2024\/12\/Produktbilder-4.png\",\"contentUrl\":\"https:\/\/steelstrong.se\/webshop\/wp-content\/uploads\/2024\/12\/Produktbilder-4.png\",\"width\":1080,\"height\":1080},{\"@type\":\"BreadcrumbList\",\"@id\":\"https:\/\/steelstrong.se\/webshop\/index.php\/produkt\/45-degree-back-raise\/#breadcrumb\",\"itemListElement\":[{\"@type\":\"ListItem\",\"position\":1,\"name\":\"Hem\",\"item\":\"https:\/\/steelstrong.se\/webshop\/\"},{\"@type\":\"ListItem\",\"position\":2,\"name\":\"Butik\",\"item\":\"https:\/\/steelstrong.se\/webshop\/index.php\/butik\/\"},{\"@type\":\"ListItem\",\"position\":3,\"name\":\"45 Degree Back Raise\"}]},{\"@type\":\"WebSite\",\"@id\":\"https:\/\/steelstrong.se\/webshop\/#website\",\"url\":\"https:\/\/steelstrong.se\/webshop\/\",\"name\":\"STEEL STRONG\",\"description\":\"Svensktillverkad Gymutrustning\",\"publisher\":{\"@id\":\"https:\/\/steelstrong.se\/webshop\/#organization\"},\"potentialAction\":[{\"@type\":\"SearchAction\",\"target\":{\"@type\":\"EntryPoint\",\"urlTemplate\":\"https:\/\/steelstrong.se\/webshop\/?s={search_term_string}\"},\"query-input\":{\"@type\":\"PropertyValueSpecification\",\"valueRequired\":true,\"valueName\":\"search_term_string\"}}],\"inLanguage\":\"sv-SE\"},{\"@type\":\"Organization\",\"@id\":\"https:\/\/steelstrong.se\/webshop\/#organization\",\"name\":\"STEEL STRONG\",\"url\":\"https:\/\/steelstrong.se\/webshop\/\",\"logo\":{\"@type\":\"ImageObject\",\"inLanguage\":\"sv-SE\",\"@id\":\"https:\/\/steelstrong.se\/webshop\/#\/schema\/logo\/image\/\",\"url\":\"https:\/\/steelstrong.se\/webshop\/wp-content\/uploads\/2025\/01\/cropped-Keniwo-Logo-kvadrat-2.png\",\"contentUrl\":\"https:\/\/steelstrong.se\/webshop\/wp-content\/uploads\/2025\/01\/cropped-Keniwo-Logo-kvadrat-2.png\",\"width\":750,\"height\":114,\"caption\":\"STEEL STRONG\"},\"image\":{\"@id\":\"https:\/\/steelstrong.se\/webshop\/#\/schema\/logo\/image\/\"},\"sameAs\":[\"https:\/\/www.instagram.com\/steelstrong_fabrication\/\"]}]}<\/script>\n<!-- \/ Yoast SEO plugin. -->","yoast_head_json":{"title":"45 Degree Back Raise - STEEL STRONG","description":"St\u00e4rk den bakre kedjan (l\u00e4ndrygg, h\u00f6fter & baksida) med denna kompletta ryggresningsmaskin. - STEEL STRONG svensktillverkad gymutrustning!","robots":{"index":"index","follow":"follow","max-snippet":"max-snippet:-1","max-image-preview":"max-image-preview:large","max-video-preview":"max-video-preview:-1"},"canonical":"https:\/\/steelstrong.se\/webshop\/index.php\/produkt\/45-degree-back-raise\/","og_locale":"sv_SE","og_type":"article","og_title":"45 Degree Back Raise - STEEL STRONG","og_description":"St\u00e4rk den bakre kedjan (l\u00e4ndrygg, h\u00f6fter & baksida) med denna kompletta ryggresningsmaskin. - STEEL STRONG svensktillverkad gymutrustning!","og_url":"https:\/\/steelstrong.se\/webshop\/index.php\/produkt\/45-degree-back-raise\/","og_site_name":"STEEL STRONG","article_modified_time":"2026-01-23T03:48:54+00:00","og_image":[{"width":1080,"height":1080,"url":"https:\/\/steelstrong.se\/webshop\/wp-content\/uploads\/2024\/12\/Produktbilder-4.png","type":"image\/png"}],"twitter_card":"summary_large_image","twitter_misc":{"Ber\u00e4knad l\u00e4stid":"1 minut"},"schema":{"@context":"https:\/\/schema.org","@graph":[{"@type":"WebPage","@id":"https:\/\/steelstrong.se\/webshop\/index.php\/produkt\/45-degree-back-raise\/","url":"https:\/\/steelstrong.se\/webshop\/index.php\/produkt\/45-degree-back-raise\/","name":"45 Degree Back Raise - STEEL STRONG","isPartOf":{"@id":"https:\/\/steelstrong.se\/webshop\/#website"},"primaryImageOfPage":{"@id":"https:\/\/steelstrong.se\/webshop\/index.php\/produkt\/45-degree-back-raise\/#primaryimage"},"image":{"@id":"https:\/\/steelstrong.se\/webshop\/index.php\/produkt\/45-degree-back-raise\/#primaryimage"},"thumbnailUrl":"https:\/\/steelstrong.se\/webshop\/wp-content\/uploads\/2024\/12\/Produktbilder-4.png","datePublished":"2024-12-29T13:02:09+00:00","dateModified":"2026-01-23T03:48:54+00:00","description":"St\u00e4rk den bakre kedjan (l\u00e4ndrygg, h\u00f6fter & baksida) med denna kompletta ryggresningsmaskin. - STEEL STRONG svensktillverkad gymutrustning!","breadcrumb":{"@id":"https:\/\/steelstrong.se\/webshop\/index.php\/produkt\/45-degree-back-raise\/#breadcrumb"},"inLanguage":"sv-SE","potentialAction":[{"@type":"ReadAction","target":["https:\/\/steelstrong.se\/webshop\/index.php\/produkt\/45-degree-back-raise\/"]}]},{"@type":"ImageObject","inLanguage":"sv-SE","@id":"https:\/\/steelstrong.se\/webshop\/index.php\/produkt\/45-degree-back-raise\/#primaryimage","url":"https:\/\/steelstrong.se\/webshop\/wp-content\/uploads\/2024\/12\/Produktbilder-4.png","contentUrl":"https:\/\/steelstrong.se\/webshop\/wp-content\/uploads\/2024\/12\/Produktbilder-4.png","width":1080,"height":1080},{"@type":"BreadcrumbList","@id":"https:\/\/steelstrong.se\/webshop\/index.php\/produkt\/45-degree-back-raise\/#breadcrumb","itemListElement":[{"@type":"ListItem","position":1,"name":"Hem","item":"https:\/\/steelstrong.se\/webshop\/"},{"@type":"ListItem","position":2,"name":"Butik","item":"https:\/\/steelstrong.se\/webshop\/index.php\/butik\/"},{"@type":"ListItem","position":3,"name":"45 Degree Back Raise"}]},{"@type":"WebSite","@id":"https:\/\/steelstrong.se\/webshop\/#website","url":"https:\/\/steelstrong.se\/webshop\/","name":"STEEL STRONG","description":"Svensktillverkad Gymutrustning","publisher":{"@id":"https:\/\/steelstrong.se\/webshop\/#organization"},"potentialAction":[{"@type":"SearchAction","target":{"@type":"EntryPoint","urlTemplate":"https:\/\/steelstrong.se\/webshop\/?s={search_term_string}"},"query-input":{"@type":"PropertyValueSpecification","valueRequired":true,"valueName":"search_term_string"}}],"inLanguage":"sv-SE"},{"@type":"Organization","@id":"https:\/\/steelstrong.se\/webshop\/#organization","name":"STEEL STRONG","url":"https:\/\/steelstrong.se\/webshop\/","logo":{"@type":"ImageObject","inLanguage":"sv-SE","@id":"https:\/\/steelstrong.se\/webshop\/#\/schema\/logo\/image\/","url":"https:\/\/steelstrong.se\/webshop\/wp-content\/uploads\/2025\/01\/cropped-Keniwo-Logo-kvadrat-2.png","contentUrl":"https:\/\/steelstrong.se\/webshop\/wp-content\/uploads\/2025\/01\/cropped-Keniwo-Logo-kvadrat-2.png","width":750,"height":114,"caption":"STEEL STRONG"},"image":{"@id":"https:\/\/steelstrong.se\/webshop\/#\/schema\/logo\/image\/"},"sameAs":["https:\/\/www.instagram.com\/steelstrong_fabrication\/"]}]}},"jetpack_sharing_enabled":true,"_links":{"self":[{"href":"https:\/\/steelstrong.se\/webshop\/index.php\/wp-json\/wp\/v2\/product\/192","targetHints":{"allow":["GET"]}}],"collection":[{"href":"https:\/\/steelstrong.se\/webshop\/index.php\/wp-json\/wp\/v2\/product"}],"about":[{"href":"https:\/\/steelstrong.se\/webshop\/index.php\/wp-json\/wp\/v2\/types\/product"}],"replies":[{"embeddable":true,"href":"https:\/\/steelstrong.se\/webshop\/index.php\/wp-json\/wp\/v2\/comments?post=192"}],"wp:featuredmedia":[{"embeddable":true,"href":"https:\/\/steelstrong.se\/webshop\/index.php\/wp-json\/wp\/v2\/media\/868"}],"wp:attachment":[{"href":"https:\/\/steelstrong.se\/webshop\/index.php\/wp-json\/wp\/v2\/media?parent=192"}],"wp:term":[{"taxonomy":"product_brand","embeddable":true,"href":"https:\/\/steelstrong.se\/webshop\/index.php\/wp-json\/wp\/v2\/product_brand?post=192"},{"taxonomy":"product_cat","embeddable":true,"href":"https:\/\/steelstrong.se\/webshop\/index.php\/wp-json\/wp\/v2\/product_cat?post=192"},{"taxonomy":"product_tag","embeddable":true,"href":"https:\/\/steelstrong.se\/webshop\/index.php\/wp-json\/wp\/v2\/product_tag?post=192"}],"curies":[{"name":"wp","href":"https:\/\/api.w.org\/{rel}","templated":true}]}}