{"id":194,"date":"2024-12-29T13:02:09","date_gmt":"2024-12-29T13:02:09","guid":{"rendered":"https:\/\/steelstrong.se\/webshop\/index.php\/produkt\/steel-strong-tavlings-bankpress\/"},"modified":"2026-01-23T03:49:34","modified_gmt":"2026-01-23T03:49:34","slug":"tavlings-bankpress","status":"publish","type":"product","link":"https:\/\/steelstrong.se\/webshop\/index.php\/produkt\/tavlings-bankpress\/","title":{"rendered":"Competition Bench"},"content":{"rendered":"<p>Vi presenterar Steel Strong T\u00e4vlingsb\u00e4nk.\u00a0Denna b\u00e4nkpress \u00e4r tillverkad med extra h\u00e5llbarhet och styrka, vilket ger en stabil plattform f\u00f6r dina tyngsta lyft.\u00a0\u00a0Tillverkad i Sverige, vilket s\u00e4kerst\u00e4ller en p\u00e5litlig och l\u00e5ngvarig produkt f\u00f6r ditt gym. Med uppm\u00e4rksamhet p\u00e5 detaljer i varje aspekt \u00e4r denna b\u00e4nkpress designad f\u00f6r att m\u00f6ta behoven hos seri\u00f6sa styrkeidrottare, vilket g\u00f6r den till det perfekta valet f\u00f6r styrkelyftt\u00e4vlingar eller intensiva tr\u00e4ningspass. Lyft dina tr\u00e4ningspass med Steel Strong T\u00e4vlings B\u00e4nkpress och upplev skillnaden mellan f\u00f6rstklassigt svenskt hantverk.<\/p>\n","protected":false},"excerpt":{"rendered":"<p>Steel Strong T\u00e4vlingsb\u00e4nk \u00e4r en b\u00e4nkpress designad f\u00f6r extra h\u00e5llbarhet och styrka, vilket ger en stabil plattform f\u00f6r tunga lyft. Tillverkad i Sverige, s\u00e4kerst\u00e4ller den p\u00e5litlighet och l\u00e5ngvarig h\u00e5llbarhet. Med noggrant designade detaljer m\u00f6ter den behoven hos seri\u00f6sa styrkeidrottare, vilket g\u00f6r den perfekt f\u00f6r styrkelyftt\u00e4vlingar och intensiva tr\u00e4ningspass. Upplev skillnaden med denna f\u00f6rstklassiga svensktillverkade b\u00e4nkpress.<\/p>\n<p><strong>Beg\u00e4r offert nedan<\/strong><\/p>\n[contact-form to=\"info@steelstrong.se\" subject=\"Lateral Raise Machine\"][contact-field label=\"Namn\" type=\"select\" required=\"1\" options=\"Privatperson,F\u00f6retag\"][contact-field label=\"E-post\" type=\"email\" required=\"1\"][contact-field label=\"Telefonnummer\" type=\"text\" required=\"1\"][contact-field label=\"Postadress och postnummer\" type=\"text\" required=\"1\"][contact-field label=\"Produkt\" type=\"select\" options=\"Adjustable bench,Chest supported row,45 degree back raise,Foldable back raise,Foldable reverse hyper,Incline benchpress machine,Hip abduction\/adductor,Lateral raise machine,Power runner,Pendulum squat,Press\/Squat combo,Seated row,Seal row bench,Standing leg curl,Competition bench,Power rack,Belt squat,Combo rack,Yoke &#038; farmers combo,Dumbbell storage,Deadlift plattform\"][contact-field label=\"Meddelande\" type=\"textarea\" required=\"1\"][\/contact-form]\n","protected":false},"featured_media":230,"comment_status":"open","ping_status":"closed","template":"","meta":[],"product_brand":[],"product_cat":[24,28,19],"product_tag":[],"class_list":{"0":"post-194","1":"product","2":"type-product","3":"status-publish","4":"has-post-thumbnail","6":"product_cat-bankar","7":"product_cat-styrkelyft","8":"product_cat-styrkeutrustning","9":"product_shipping_class-over-150-kg","11":"first","12":"instock","13":"taxable","14":"shipping-taxable","15":"purchasable","16":"product-type-simple"},"yoast_head":"<!-- This site is optimized with the Yoast SEO plugin v25.3.1 - https:\/\/yoast.com\/wordpress\/plugins\/seo\/ -->\n<title>Competition Bench - STEEL STRONG<\/title>\n<meta name=\"description\" content=\"Competition Bench gjord efter IPF-standard. Valet f\u00f6r den seri\u00f6sa styrkelyftaren. Svensk gym utrustning med fokus p\u00e5 kvalit\u00e9 &amp; funktion!\" \/>\n<meta name=\"robots\" content=\"index, follow, max-snippet:-1, max-image-preview:large, max-video-preview:-1\" \/>\n<link rel=\"canonical\" href=\"https:\/\/steelstrong.se\/webshop\/index.php\/produkt\/tavlings-bankpress\/\" \/>\n<meta property=\"og:locale\" content=\"sv_SE\" \/>\n<meta property=\"og:type\" content=\"article\" \/>\n<meta property=\"og:title\" content=\"Competition Bench - STEEL STRONG\" \/>\n<meta property=\"og:description\" content=\"Competition Bench gjord efter IPF-standard. Valet f\u00f6r den seri\u00f6sa styrkelyftaren. Svensk gym utrustning med fokus p\u00e5 kvalit\u00e9 &amp; funktion!\" \/>\n<meta property=\"og:url\" content=\"https:\/\/steelstrong.se\/webshop\/index.php\/produkt\/tavlings-bankpress\/\" \/>\n<meta property=\"og:site_name\" content=\"STEEL STRONG\" \/>\n<meta property=\"article:modified_time\" content=\"2026-01-23T03:49:34+00:00\" \/>\n<meta property=\"og:image\" content=\"https:\/\/steelstrong.se\/webshop\/wp-content\/uploads\/2024\/12\/Produktbilder-2.png\" \/>\n\t<meta property=\"og:image:width\" content=\"1080\" \/>\n\t<meta property=\"og:image:height\" content=\"1080\" \/>\n\t<meta property=\"og:image:type\" content=\"image\/png\" \/>\n<meta name=\"twitter:card\" content=\"summary_large_image\" \/>\n<meta name=\"twitter:label1\" content=\"Ber\u00e4knad l\u00e4stid\" \/>\n\t<meta name=\"twitter:data1\" content=\"1 minut\" \/>\n<script type=\"application\/ld+json\" class=\"yoast-schema-graph\">{\"@context\":\"https:\/\/schema.org\",\"@graph\":[{\"@type\":\"WebPage\",\"@id\":\"https:\/\/steelstrong.se\/webshop\/index.php\/produkt\/tavlings-bankpress\/\",\"url\":\"https:\/\/steelstrong.se\/webshop\/index.php\/produkt\/tavlings-bankpress\/\",\"name\":\"Competition Bench - STEEL STRONG\",\"isPartOf\":{\"@id\":\"https:\/\/steelstrong.se\/webshop\/#website\"},\"primaryImageOfPage\":{\"@id\":\"https:\/\/steelstrong.se\/webshop\/index.php\/produkt\/tavlings-bankpress\/#primaryimage\"},\"image\":{\"@id\":\"https:\/\/steelstrong.se\/webshop\/index.php\/produkt\/tavlings-bankpress\/#primaryimage\"},\"thumbnailUrl\":\"https:\/\/steelstrong.se\/webshop\/wp-content\/uploads\/2024\/12\/Produktbilder-2.png\",\"datePublished\":\"2024-12-29T13:02:09+00:00\",\"dateModified\":\"2026-01-23T03:49:34+00:00\",\"description\":\"Competition Bench gjord efter IPF-standard. Valet f\u00f6r den seri\u00f6sa styrkelyftaren. Svensk gym utrustning med fokus p\u00e5 kvalit\u00e9 & funktion!\",\"breadcrumb\":{\"@id\":\"https:\/\/steelstrong.se\/webshop\/index.php\/produkt\/tavlings-bankpress\/#breadcrumb\"},\"inLanguage\":\"sv-SE\",\"potentialAction\":[{\"@type\":\"ReadAction\",\"target\":[\"https:\/\/steelstrong.se\/webshop\/index.php\/produkt\/tavlings-bankpress\/\"]}]},{\"@type\":\"ImageObject\",\"inLanguage\":\"sv-SE\",\"@id\":\"https:\/\/steelstrong.se\/webshop\/index.php\/produkt\/tavlings-bankpress\/#primaryimage\",\"url\":\"https:\/\/steelstrong.se\/webshop\/wp-content\/uploads\/2024\/12\/Produktbilder-2.png\",\"contentUrl\":\"https:\/\/steelstrong.se\/webshop\/wp-content\/uploads\/2024\/12\/Produktbilder-2.png\",\"width\":1080,\"height\":1080},{\"@type\":\"BreadcrumbList\",\"@id\":\"https:\/\/steelstrong.se\/webshop\/index.php\/produkt\/tavlings-bankpress\/#breadcrumb\",\"itemListElement\":[{\"@type\":\"ListItem\",\"position\":1,\"name\":\"Hem\",\"item\":\"https:\/\/steelstrong.se\/webshop\/\"},{\"@type\":\"ListItem\",\"position\":2,\"name\":\"Butik\",\"item\":\"https:\/\/steelstrong.se\/webshop\/index.php\/butik\/\"},{\"@type\":\"ListItem\",\"position\":3,\"name\":\"Competition Bench\"}]},{\"@type\":\"WebSite\",\"@id\":\"https:\/\/steelstrong.se\/webshop\/#website\",\"url\":\"https:\/\/steelstrong.se\/webshop\/\",\"name\":\"STEEL STRONG\",\"description\":\"Svensktillverkad Gymutrustning\",\"publisher\":{\"@id\":\"https:\/\/steelstrong.se\/webshop\/#organization\"},\"potentialAction\":[{\"@type\":\"SearchAction\",\"target\":{\"@type\":\"EntryPoint\",\"urlTemplate\":\"https:\/\/steelstrong.se\/webshop\/?s={search_term_string}\"},\"query-input\":{\"@type\":\"PropertyValueSpecification\",\"valueRequired\":true,\"valueName\":\"search_term_string\"}}],\"inLanguage\":\"sv-SE\"},{\"@type\":\"Organization\",\"@id\":\"https:\/\/steelstrong.se\/webshop\/#organization\",\"name\":\"STEEL STRONG\",\"url\":\"https:\/\/steelstrong.se\/webshop\/\",\"logo\":{\"@type\":\"ImageObject\",\"inLanguage\":\"sv-SE\",\"@id\":\"https:\/\/steelstrong.se\/webshop\/#\/schema\/logo\/image\/\",\"url\":\"https:\/\/steelstrong.se\/webshop\/wp-content\/uploads\/2025\/01\/cropped-Keniwo-Logo-kvadrat-2.png\",\"contentUrl\":\"https:\/\/steelstrong.se\/webshop\/wp-content\/uploads\/2025\/01\/cropped-Keniwo-Logo-kvadrat-2.png\",\"width\":750,\"height\":114,\"caption\":\"STEEL STRONG\"},\"image\":{\"@id\":\"https:\/\/steelstrong.se\/webshop\/#\/schema\/logo\/image\/\"},\"sameAs\":[\"https:\/\/www.instagram.com\/steelstrong_fabrication\/\"]}]}<\/script>\n<!-- \/ Yoast SEO plugin. -->","yoast_head_json":{"title":"Competition Bench - STEEL STRONG","description":"Competition Bench gjord efter IPF-standard. Valet f\u00f6r den seri\u00f6sa styrkelyftaren. Svensk gym utrustning med fokus p\u00e5 kvalit\u00e9 & funktion!","robots":{"index":"index","follow":"follow","max-snippet":"max-snippet:-1","max-image-preview":"max-image-preview:large","max-video-preview":"max-video-preview:-1"},"canonical":"https:\/\/steelstrong.se\/webshop\/index.php\/produkt\/tavlings-bankpress\/","og_locale":"sv_SE","og_type":"article","og_title":"Competition Bench - STEEL STRONG","og_description":"Competition Bench gjord efter IPF-standard. Valet f\u00f6r den seri\u00f6sa styrkelyftaren. Svensk gym utrustning med fokus p\u00e5 kvalit\u00e9 & funktion!","og_url":"https:\/\/steelstrong.se\/webshop\/index.php\/produkt\/tavlings-bankpress\/","og_site_name":"STEEL STRONG","article_modified_time":"2026-01-23T03:49:34+00:00","og_image":[{"width":1080,"height":1080,"url":"https:\/\/steelstrong.se\/webshop\/wp-content\/uploads\/2024\/12\/Produktbilder-2.png","type":"image\/png"}],"twitter_card":"summary_large_image","twitter_misc":{"Ber\u00e4knad l\u00e4stid":"1 minut"},"schema":{"@context":"https:\/\/schema.org","@graph":[{"@type":"WebPage","@id":"https:\/\/steelstrong.se\/webshop\/index.php\/produkt\/tavlings-bankpress\/","url":"https:\/\/steelstrong.se\/webshop\/index.php\/produkt\/tavlings-bankpress\/","name":"Competition Bench - STEEL STRONG","isPartOf":{"@id":"https:\/\/steelstrong.se\/webshop\/#website"},"primaryImageOfPage":{"@id":"https:\/\/steelstrong.se\/webshop\/index.php\/produkt\/tavlings-bankpress\/#primaryimage"},"image":{"@id":"https:\/\/steelstrong.se\/webshop\/index.php\/produkt\/tavlings-bankpress\/#primaryimage"},"thumbnailUrl":"https:\/\/steelstrong.se\/webshop\/wp-content\/uploads\/2024\/12\/Produktbilder-2.png","datePublished":"2024-12-29T13:02:09+00:00","dateModified":"2026-01-23T03:49:34+00:00","description":"Competition Bench gjord efter IPF-standard. Valet f\u00f6r den seri\u00f6sa styrkelyftaren. Svensk gym utrustning med fokus p\u00e5 kvalit\u00e9 & funktion!","breadcrumb":{"@id":"https:\/\/steelstrong.se\/webshop\/index.php\/produkt\/tavlings-bankpress\/#breadcrumb"},"inLanguage":"sv-SE","potentialAction":[{"@type":"ReadAction","target":["https:\/\/steelstrong.se\/webshop\/index.php\/produkt\/tavlings-bankpress\/"]}]},{"@type":"ImageObject","inLanguage":"sv-SE","@id":"https:\/\/steelstrong.se\/webshop\/index.php\/produkt\/tavlings-bankpress\/#primaryimage","url":"https:\/\/steelstrong.se\/webshop\/wp-content\/uploads\/2024\/12\/Produktbilder-2.png","contentUrl":"https:\/\/steelstrong.se\/webshop\/wp-content\/uploads\/2024\/12\/Produktbilder-2.png","width":1080,"height":1080},{"@type":"BreadcrumbList","@id":"https:\/\/steelstrong.se\/webshop\/index.php\/produkt\/tavlings-bankpress\/#breadcrumb","itemListElement":[{"@type":"ListItem","position":1,"name":"Hem","item":"https:\/\/steelstrong.se\/webshop\/"},{"@type":"ListItem","position":2,"name":"Butik","item":"https:\/\/steelstrong.se\/webshop\/index.php\/butik\/"},{"@type":"ListItem","position":3,"name":"Competition Bench"}]},{"@type":"WebSite","@id":"https:\/\/steelstrong.se\/webshop\/#website","url":"https:\/\/steelstrong.se\/webshop\/","name":"STEEL STRONG","description":"Svensktillverkad Gymutrustning","publisher":{"@id":"https:\/\/steelstrong.se\/webshop\/#organization"},"potentialAction":[{"@type":"SearchAction","target":{"@type":"EntryPoint","urlTemplate":"https:\/\/steelstrong.se\/webshop\/?s={search_term_string}"},"query-input":{"@type":"PropertyValueSpecification","valueRequired":true,"valueName":"search_term_string"}}],"inLanguage":"sv-SE"},{"@type":"Organization","@id":"https:\/\/steelstrong.se\/webshop\/#organization","name":"STEEL STRONG","url":"https:\/\/steelstrong.se\/webshop\/","logo":{"@type":"ImageObject","inLanguage":"sv-SE","@id":"https:\/\/steelstrong.se\/webshop\/#\/schema\/logo\/image\/","url":"https:\/\/steelstrong.se\/webshop\/wp-content\/uploads\/2025\/01\/cropped-Keniwo-Logo-kvadrat-2.png","contentUrl":"https:\/\/steelstrong.se\/webshop\/wp-content\/uploads\/2025\/01\/cropped-Keniwo-Logo-kvadrat-2.png","width":750,"height":114,"caption":"STEEL STRONG"},"image":{"@id":"https:\/\/steelstrong.se\/webshop\/#\/schema\/logo\/image\/"},"sameAs":["https:\/\/www.instagram.com\/steelstrong_fabrication\/"]}]}},"jetpack_sharing_enabled":true,"_links":{"self":[{"href":"https:\/\/steelstrong.se\/webshop\/index.php\/wp-json\/wp\/v2\/product\/194","targetHints":{"allow":["GET"]}}],"collection":[{"href":"https:\/\/steelstrong.se\/webshop\/index.php\/wp-json\/wp\/v2\/product"}],"about":[{"href":"https:\/\/steelstrong.se\/webshop\/index.php\/wp-json\/wp\/v2\/types\/product"}],"replies":[{"embeddable":true,"href":"https:\/\/steelstrong.se\/webshop\/index.php\/wp-json\/wp\/v2\/comments?post=194"}],"wp:featuredmedia":[{"embeddable":true,"href":"https:\/\/steelstrong.se\/webshop\/index.php\/wp-json\/wp\/v2\/media\/230"}],"wp:attachment":[{"href":"https:\/\/steelstrong.se\/webshop\/index.php\/wp-json\/wp\/v2\/media?parent=194"}],"wp:term":[{"taxonomy":"product_brand","embeddable":true,"href":"https:\/\/steelstrong.se\/webshop\/index.php\/wp-json\/wp\/v2\/product_brand?post=194"},{"taxonomy":"product_cat","embeddable":true,"href":"https:\/\/steelstrong.se\/webshop\/index.php\/wp-json\/wp\/v2\/product_cat?post=194"},{"taxonomy":"product_tag","embeddable":true,"href":"https:\/\/steelstrong.se\/webshop\/index.php\/wp-json\/wp\/v2\/product_tag?post=194"}],"curies":[{"name":"wp","href":"https:\/\/api.w.org\/{rel}","templated":true}]}}