{"id":31267,"date":"2026-04-08T10:23:16","date_gmt":"2026-04-08T10:23:16","guid":{"rendered":"https:\/\/steelstrong.se\/webshop\/?post_type=product&#038;p=31267"},"modified":"2026-04-08T10:23:16","modified_gmt":"2026-04-08T10:23:16","slug":"spotter-arms-2-0","status":"publish","type":"product","link":"https:\/\/steelstrong.se\/webshop\/index.php\/produkt\/spotter-arms-2-0\/","title":{"rendered":"Spotter Arms 2.0"},"content":{"rendered":"<p>Steel Strong Spotter Arms \u2013 S\u00e4kerhet och Styrka i Varje Lyft<br \/>\nN\u00e4r det g\u00e4ller styrketr\u00e4ning och lyft \u00e4r s\u00e4kerheten alltid h\u00f6gsta prioritet. V\u00e5ra Steel Strong Spotter Arms \u00e4r designade f\u00f6r att ge dig det b\u00e4sta skyddet, s\u00e5 att du kan tr\u00e4na tryggt och fokuserat.<\/p>\n<p>Varf\u00f6r v\u00e4lja Steel Strong Spotter Arms?<br \/>\nRobust konstruktion: Tillverkade helt i st\u00e5l f\u00f6r maximal h\u00e5llbarhet och styrka.<br \/>\nS\u00e4kerhet f\u00f6rst: Skyddar dig effektivt vid tunga lyft och ger extra st\u00f6d.<br \/>\nL\u00e4ttanv\u00e4nda: Enkla att justera och passar de flesta tr\u00e4ningsst\u00e4llningar.<br \/>\nKraftig belastningskapacitet: Klarar av h\u00f6ga vikter utan att kompromissa med stabiliteten.<br \/>\nH\u00e5llbar finish: Skyddande UHMW Plast som motst\u00e5r slitage.<br \/>\nPerfekta f\u00f6r din hemmagym eller tr\u00e4ningsanl\u00e4ggning<br \/>\nOavsett om du \u00e4r nyb\u00f6rjare eller erfaren lyftare, ger Steel Strong Spotter Arms dig tryggheten att pusha dina gr\u00e4nser utan oro. De \u00e4r ett bra tillbeh\u00f6r f\u00f6r s\u00e4ker och effektiv tr\u00e4ning.<\/p>\n","protected":false},"excerpt":{"rendered":"<p>Styrketr\u00e4ning och lyft \u00e4r s\u00e4kerheten alltid h\u00f6gsta prioritet. V\u00e5ra Steel Strong Spotter Arms \u00e4r designade f\u00f6r att ge dig det b\u00e4sta skyddet, s\u00e5 att du kan tr\u00e4na tryggt och fokuserat.<\/p>\n","protected":false},"featured_media":31270,"comment_status":"open","ping_status":"closed","template":"","meta":[],"product_brand":[],"product_cat":[26,25,19,32,21],"product_tag":[],"class_list":{"0":"post-31267","1":"product","2":"type-product","3":"status-publish","4":"has-post-thumbnail","6":"product_cat-maskintillbehor","7":"product_cat-stallningar","8":"product_cat-styrkeutrustning","9":"product_cat-till-gymmet","10":"product_cat-tillbehor","12":"first","13":"instock","14":"taxable","15":"shipping-taxable","16":"purchasable","17":"product-type-variable"},"yoast_head":"<!-- This site is optimized with the Yoast SEO plugin v25.3.1 - https:\/\/yoast.com\/wordpress\/plugins\/seo\/ -->\n<title>Spotter Arms 2.0 - STEEL STRONG<\/title>\n<meta name=\"description\" content=\"STEEL STRONG Spotter Arms 2.0 ditt alternativ f\u00f6r s\u00e4ker styrketr\u00e4ning! - Svensktillverkad gymutrustning med fokus p\u00e5 kvalite och funktion!\" \/>\n<meta name=\"robots\" content=\"index, follow, max-snippet:-1, max-image-preview:large, max-video-preview:-1\" \/>\n<link rel=\"canonical\" href=\"https:\/\/steelstrong.se\/webshop\/index.php\/produkt\/spotter-arms-2-0\/\" \/>\n<meta property=\"og:locale\" content=\"sv_SE\" \/>\n<meta property=\"og:type\" content=\"article\" \/>\n<meta property=\"og:title\" content=\"Spotter Arms 2.0 - STEEL STRONG\" \/>\n<meta property=\"og:description\" content=\"STEEL STRONG Spotter Arms 2.0 ditt alternativ f\u00f6r s\u00e4ker styrketr\u00e4ning! - Svensktillverkad gymutrustning med fokus p\u00e5 kvalite och funktion!\" \/>\n<meta property=\"og:url\" content=\"https:\/\/steelstrong.se\/webshop\/index.php\/produkt\/spotter-arms-2-0\/\" \/>\n<meta property=\"og:site_name\" content=\"STEEL STRONG\" \/>\n<meta property=\"og:image\" content=\"https:\/\/steelstrong.se\/webshop\/wp-content\/uploads\/2026\/04\/1.png\" \/>\n\t<meta property=\"og:image:width\" content=\"1080\" \/>\n\t<meta property=\"og:image:height\" content=\"1350\" \/>\n\t<meta property=\"og:image:type\" content=\"image\/png\" \/>\n<meta name=\"twitter:card\" content=\"summary_large_image\" \/>\n<meta name=\"twitter:label1\" content=\"Ber\u00e4knad l\u00e4stid\" \/>\n\t<meta name=\"twitter:data1\" content=\"1 minut\" \/>\n<script type=\"application\/ld+json\" class=\"yoast-schema-graph\">{\"@context\":\"https:\/\/schema.org\",\"@graph\":[{\"@type\":\"WebPage\",\"@id\":\"https:\/\/steelstrong.se\/webshop\/index.php\/produkt\/spotter-arms-2-0\/\",\"url\":\"https:\/\/steelstrong.se\/webshop\/index.php\/produkt\/spotter-arms-2-0\/\",\"name\":\"Spotter Arms 2.0 - STEEL STRONG\",\"isPartOf\":{\"@id\":\"https:\/\/steelstrong.se\/webshop\/#website\"},\"primaryImageOfPage\":{\"@id\":\"https:\/\/steelstrong.se\/webshop\/index.php\/produkt\/spotter-arms-2-0\/#primaryimage\"},\"image\":{\"@id\":\"https:\/\/steelstrong.se\/webshop\/index.php\/produkt\/spotter-arms-2-0\/#primaryimage\"},\"thumbnailUrl\":\"https:\/\/steelstrong.se\/webshop\/wp-content\/uploads\/2026\/04\/1.png\",\"datePublished\":\"2026-04-08T10:23:16+00:00\",\"description\":\"STEEL STRONG Spotter Arms 2.0 ditt alternativ f\u00f6r s\u00e4ker styrketr\u00e4ning! - Svensktillverkad gymutrustning med fokus p\u00e5 kvalite och funktion!\",\"breadcrumb\":{\"@id\":\"https:\/\/steelstrong.se\/webshop\/index.php\/produkt\/spotter-arms-2-0\/#breadcrumb\"},\"inLanguage\":\"sv-SE\",\"potentialAction\":[{\"@type\":\"ReadAction\",\"target\":[\"https:\/\/steelstrong.se\/webshop\/index.php\/produkt\/spotter-arms-2-0\/\"]}]},{\"@type\":\"ImageObject\",\"inLanguage\":\"sv-SE\",\"@id\":\"https:\/\/steelstrong.se\/webshop\/index.php\/produkt\/spotter-arms-2-0\/#primaryimage\",\"url\":\"https:\/\/steelstrong.se\/webshop\/wp-content\/uploads\/2026\/04\/1.png\",\"contentUrl\":\"https:\/\/steelstrong.se\/webshop\/wp-content\/uploads\/2026\/04\/1.png\",\"width\":1080,\"height\":1350},{\"@type\":\"BreadcrumbList\",\"@id\":\"https:\/\/steelstrong.se\/webshop\/index.php\/produkt\/spotter-arms-2-0\/#breadcrumb\",\"itemListElement\":[{\"@type\":\"ListItem\",\"position\":1,\"name\":\"Hem\",\"item\":\"https:\/\/steelstrong.se\/webshop\/\"},{\"@type\":\"ListItem\",\"position\":2,\"name\":\"Butik\",\"item\":\"https:\/\/steelstrong.se\/webshop\/index.php\/butik\/\"},{\"@type\":\"ListItem\",\"position\":3,\"name\":\"Spotter Arms 2.0\"}]},{\"@type\":\"WebSite\",\"@id\":\"https:\/\/steelstrong.se\/webshop\/#website\",\"url\":\"https:\/\/steelstrong.se\/webshop\/\",\"name\":\"STEEL STRONG\",\"description\":\"Svensktillverkad Gymutrustning\",\"publisher\":{\"@id\":\"https:\/\/steelstrong.se\/webshop\/#organization\"},\"potentialAction\":[{\"@type\":\"SearchAction\",\"target\":{\"@type\":\"EntryPoint\",\"urlTemplate\":\"https:\/\/steelstrong.se\/webshop\/?s={search_term_string}\"},\"query-input\":{\"@type\":\"PropertyValueSpecification\",\"valueRequired\":true,\"valueName\":\"search_term_string\"}}],\"inLanguage\":\"sv-SE\"},{\"@type\":\"Organization\",\"@id\":\"https:\/\/steelstrong.se\/webshop\/#organization\",\"name\":\"STEEL STRONG\",\"url\":\"https:\/\/steelstrong.se\/webshop\/\",\"logo\":{\"@type\":\"ImageObject\",\"inLanguage\":\"sv-SE\",\"@id\":\"https:\/\/steelstrong.se\/webshop\/#\/schema\/logo\/image\/\",\"url\":\"https:\/\/steelstrong.se\/webshop\/wp-content\/uploads\/2025\/01\/cropped-Keniwo-Logo-kvadrat-2.png\",\"contentUrl\":\"https:\/\/steelstrong.se\/webshop\/wp-content\/uploads\/2025\/01\/cropped-Keniwo-Logo-kvadrat-2.png\",\"width\":750,\"height\":114,\"caption\":\"STEEL STRONG\"},\"image\":{\"@id\":\"https:\/\/steelstrong.se\/webshop\/#\/schema\/logo\/image\/\"},\"sameAs\":[\"https:\/\/www.instagram.com\/steelstrong_fabrication\/\"]}]}<\/script>\n<!-- \/ Yoast SEO plugin. -->","yoast_head_json":{"title":"Spotter Arms 2.0 - STEEL STRONG","description":"STEEL STRONG Spotter Arms 2.0 ditt alternativ f\u00f6r s\u00e4ker styrketr\u00e4ning! - Svensktillverkad gymutrustning med fokus p\u00e5 kvalite och funktion!","robots":{"index":"index","follow":"follow","max-snippet":"max-snippet:-1","max-image-preview":"max-image-preview:large","max-video-preview":"max-video-preview:-1"},"canonical":"https:\/\/steelstrong.se\/webshop\/index.php\/produkt\/spotter-arms-2-0\/","og_locale":"sv_SE","og_type":"article","og_title":"Spotter Arms 2.0 - STEEL STRONG","og_description":"STEEL STRONG Spotter Arms 2.0 ditt alternativ f\u00f6r s\u00e4ker styrketr\u00e4ning! - Svensktillverkad gymutrustning med fokus p\u00e5 kvalite och funktion!","og_url":"https:\/\/steelstrong.se\/webshop\/index.php\/produkt\/spotter-arms-2-0\/","og_site_name":"STEEL STRONG","og_image":[{"width":1080,"height":1350,"url":"https:\/\/steelstrong.se\/webshop\/wp-content\/uploads\/2026\/04\/1.png","type":"image\/png"}],"twitter_card":"summary_large_image","twitter_misc":{"Ber\u00e4knad l\u00e4stid":"1 minut"},"schema":{"@context":"https:\/\/schema.org","@graph":[{"@type":"WebPage","@id":"https:\/\/steelstrong.se\/webshop\/index.php\/produkt\/spotter-arms-2-0\/","url":"https:\/\/steelstrong.se\/webshop\/index.php\/produkt\/spotter-arms-2-0\/","name":"Spotter Arms 2.0 - STEEL STRONG","isPartOf":{"@id":"https:\/\/steelstrong.se\/webshop\/#website"},"primaryImageOfPage":{"@id":"https:\/\/steelstrong.se\/webshop\/index.php\/produkt\/spotter-arms-2-0\/#primaryimage"},"image":{"@id":"https:\/\/steelstrong.se\/webshop\/index.php\/produkt\/spotter-arms-2-0\/#primaryimage"},"thumbnailUrl":"https:\/\/steelstrong.se\/webshop\/wp-content\/uploads\/2026\/04\/1.png","datePublished":"2026-04-08T10:23:16+00:00","description":"STEEL STRONG Spotter Arms 2.0 ditt alternativ f\u00f6r s\u00e4ker styrketr\u00e4ning! - Svensktillverkad gymutrustning med fokus p\u00e5 kvalite och funktion!","breadcrumb":{"@id":"https:\/\/steelstrong.se\/webshop\/index.php\/produkt\/spotter-arms-2-0\/#breadcrumb"},"inLanguage":"sv-SE","potentialAction":[{"@type":"ReadAction","target":["https:\/\/steelstrong.se\/webshop\/index.php\/produkt\/spotter-arms-2-0\/"]}]},{"@type":"ImageObject","inLanguage":"sv-SE","@id":"https:\/\/steelstrong.se\/webshop\/index.php\/produkt\/spotter-arms-2-0\/#primaryimage","url":"https:\/\/steelstrong.se\/webshop\/wp-content\/uploads\/2026\/04\/1.png","contentUrl":"https:\/\/steelstrong.se\/webshop\/wp-content\/uploads\/2026\/04\/1.png","width":1080,"height":1350},{"@type":"BreadcrumbList","@id":"https:\/\/steelstrong.se\/webshop\/index.php\/produkt\/spotter-arms-2-0\/#breadcrumb","itemListElement":[{"@type":"ListItem","position":1,"name":"Hem","item":"https:\/\/steelstrong.se\/webshop\/"},{"@type":"ListItem","position":2,"name":"Butik","item":"https:\/\/steelstrong.se\/webshop\/index.php\/butik\/"},{"@type":"ListItem","position":3,"name":"Spotter Arms 2.0"}]},{"@type":"WebSite","@id":"https:\/\/steelstrong.se\/webshop\/#website","url":"https:\/\/steelstrong.se\/webshop\/","name":"STEEL STRONG","description":"Svensktillverkad Gymutrustning","publisher":{"@id":"https:\/\/steelstrong.se\/webshop\/#organization"},"potentialAction":[{"@type":"SearchAction","target":{"@type":"EntryPoint","urlTemplate":"https:\/\/steelstrong.se\/webshop\/?s={search_term_string}"},"query-input":{"@type":"PropertyValueSpecification","valueRequired":true,"valueName":"search_term_string"}}],"inLanguage":"sv-SE"},{"@type":"Organization","@id":"https:\/\/steelstrong.se\/webshop\/#organization","name":"STEEL STRONG","url":"https:\/\/steelstrong.se\/webshop\/","logo":{"@type":"ImageObject","inLanguage":"sv-SE","@id":"https:\/\/steelstrong.se\/webshop\/#\/schema\/logo\/image\/","url":"https:\/\/steelstrong.se\/webshop\/wp-content\/uploads\/2025\/01\/cropped-Keniwo-Logo-kvadrat-2.png","contentUrl":"https:\/\/steelstrong.se\/webshop\/wp-content\/uploads\/2025\/01\/cropped-Keniwo-Logo-kvadrat-2.png","width":750,"height":114,"caption":"STEEL STRONG"},"image":{"@id":"https:\/\/steelstrong.se\/webshop\/#\/schema\/logo\/image\/"},"sameAs":["https:\/\/www.instagram.com\/steelstrong_fabrication\/"]}]}},"jetpack_sharing_enabled":true,"_links":{"self":[{"href":"https:\/\/steelstrong.se\/webshop\/index.php\/wp-json\/wp\/v2\/product\/31267","targetHints":{"allow":["GET"]}}],"collection":[{"href":"https:\/\/steelstrong.se\/webshop\/index.php\/wp-json\/wp\/v2\/product"}],"about":[{"href":"https:\/\/steelstrong.se\/webshop\/index.php\/wp-json\/wp\/v2\/types\/product"}],"replies":[{"embeddable":true,"href":"https:\/\/steelstrong.se\/webshop\/index.php\/wp-json\/wp\/v2\/comments?post=31267"}],"wp:featuredmedia":[{"embeddable":true,"href":"https:\/\/steelstrong.se\/webshop\/index.php\/wp-json\/wp\/v2\/media\/31270"}],"wp:attachment":[{"href":"https:\/\/steelstrong.se\/webshop\/index.php\/wp-json\/wp\/v2\/media?parent=31267"}],"wp:term":[{"taxonomy":"product_brand","embeddable":true,"href":"https:\/\/steelstrong.se\/webshop\/index.php\/wp-json\/wp\/v2\/product_brand?post=31267"},{"taxonomy":"product_cat","embeddable":true,"href":"https:\/\/steelstrong.se\/webshop\/index.php\/wp-json\/wp\/v2\/product_cat?post=31267"},{"taxonomy":"product_tag","embeddable":true,"href":"https:\/\/steelstrong.se\/webshop\/index.php\/wp-json\/wp\/v2\/product_tag?post=31267"}],"curies":[{"name":"wp","href":"https:\/\/api.w.org\/{rel}","templated":true}]}}