{"id":624,"date":"2025-01-20T17:05:44","date_gmt":"2025-01-20T17:05:44","guid":{"rendered":"https:\/\/steelstrong.se\/webshop\/?post_type=product&#038;p=624"},"modified":"2026-01-23T03:47:59","modified_gmt":"2026-01-23T03:47:59","slug":"hip-abduction-adductor","status":"publish","type":"product","link":"https:\/\/steelstrong.se\/webshop\/index.php\/produkt\/hip-abduction-adductor\/","title":{"rendered":"Hip Abduction\/Adductor"},"content":{"rendered":"<p>Vi presenterar v\u00e5r Plate Loaded Hip Adductor\/Abductor-maskin, designad f\u00f6r att rikta in sig p\u00e5 de inre och yttre l\u00e5ren. Med sin plate loaded design kan anv\u00e4ndare enkelt l\u00e4gga p\u00e5 vikt till sin \u00f6nskade niv\u00e5, vilket g\u00f6r den l\u00e4mplig f\u00f6r b\u00e5de nyb\u00f6rjare och avancerade idrottare. Maskinen erbjuder \u00e4ven specialtillverkningsm\u00f6jligheter (anpassningsm\u00f6jligheter) f\u00f6r att tillgodose specifika anv\u00e4ndarbehov, s\u00e5som personlig logotyp eller f\u00e4rgval. Dess h\u00e5llbara och robusta konstruktion s\u00e4kerst\u00e4ller en s\u00e4ker och effektiv tr\u00e4ning f\u00f6r anv\u00e4ndare p\u00e5 alla niv\u00e5er. Oavsett om du vill st\u00e4rka och tona dina l\u00e5r eller f\u00f6rb\u00e4ttra h\u00f6ftflexibiliteten \u00e4r v\u00e5r Hip Adductor\/Abductor-maskin det perfekta komplementet till alla gym eller hemmatr\u00e4ningsutrymmen.<\/p>\n","protected":false},"excerpt":{"rendered":"<p>V\u00e5r Plate Loaded Hip Adductor\/Abductor-maskin \u00e4r designad f\u00f6r att tr\u00e4na inre och yttre l\u00e5r med justerbar viktbelastning, vilket g\u00f6r den l\u00e4mplig f\u00f6r b\u00e5de nyb\u00f6rjare och avancerade anv\u00e4ndare. Maskinen erbjuder anpassningsm\u00f6jligheter som personlig logotyp eller f\u00e4rgval. Med sin h\u00e5llbara konstruktion ger den en s\u00e4ker och effektiv tr\u00e4ning f\u00f6r alla niv\u00e5er.<\/p>\n<p><strong>Beg\u00e4r offert nedan<\/strong><\/p>\n[contact-form to=\"info@steelstrong.se\" subject=\"Lateral Raise Machine\"][contact-field label=\"Namn\" type=\"select\" required=\"1\" options=\"Privatperson,F\u00f6retag\"][contact-field label=\"E-post\" type=\"email\" required=\"1\"][contact-field label=\"Telefonnummer\" type=\"text\" required=\"1\"][contact-field label=\"Postadress och postnummer\" type=\"text\" required=\"1\"][contact-field label=\"Produkt\" type=\"select\" options=\"Adjustable bench,Chest supported row,45 degree back raise,Foldable back raise,Foldable reverse hyper,Incline benchpress machine,Hip abduction\/adductor,Lateral raise machine,Power runner,Pendulum squat,Press\/Squat combo,Seated row,Seal row bench,Standing leg curl,Competition bench,Power rack,Belt squat,Combo rack,Yoke &#038; farmers combo,Dumbbell storage,Deadlift plattform\"][contact-field label=\"Meddelande\" type=\"textarea\" required=\"1\"][\/contact-form]\n","protected":false},"featured_media":16422,"comment_status":"open","ping_status":"closed","template":"","meta":[],"product_brand":[],"product_cat":[23,19],"product_tag":[],"class_list":{"0":"post-624","1":"product","2":"type-product","3":"status-publish","4":"has-post-thumbnail","6":"product_cat-maskiner","7":"product_cat-styrkeutrustning","8":"product_shipping_class-over-75-kg","10":"first","11":"instock","12":"taxable","13":"shipping-taxable","14":"purchasable","15":"product-type-simple"},"yoast_head":"<!-- This site is optimized with the Yoast SEO plugin v25.3.1 - https:\/\/yoast.com\/wordpress\/plugins\/seo\/ -->\n<title>Hip Abduction\/Adductor - STEEL STRONG<\/title>\n<meta name=\"description\" content=\"Plate loaded Hip Abduction\/Adductor gjord efter dina behov! - Svensktillverkad utrustning med fokus p\u00e5 funktion och kvalit\u00e9!\" \/>\n<meta name=\"robots\" content=\"index, follow, max-snippet:-1, max-image-preview:large, max-video-preview:-1\" \/>\n<link rel=\"canonical\" href=\"https:\/\/steelstrong.se\/webshop\/index.php\/produkt\/hip-abduction-adductor\/\" \/>\n<meta property=\"og:locale\" content=\"sv_SE\" \/>\n<meta property=\"og:type\" content=\"article\" \/>\n<meta property=\"og:title\" content=\"Hip Abduction\/Adductor - STEEL STRONG\" \/>\n<meta property=\"og:description\" content=\"Plate loaded Hip Abduction\/Adductor gjord efter dina behov! - Svensktillverkad utrustning med fokus p\u00e5 funktion och kvalit\u00e9!\" \/>\n<meta property=\"og:url\" content=\"https:\/\/steelstrong.se\/webshop\/index.php\/produkt\/hip-abduction-adductor\/\" \/>\n<meta property=\"og:site_name\" content=\"STEEL STRONG\" \/>\n<meta property=\"article:modified_time\" content=\"2026-01-23T03:47:59+00:00\" \/>\n<meta property=\"og:image\" content=\"https:\/\/steelstrong.se\/webshop\/wp-content\/uploads\/2025\/01\/1-1.png\" \/>\n\t<meta property=\"og:image:width\" content=\"1080\" \/>\n\t<meta property=\"og:image:height\" content=\"1350\" \/>\n\t<meta property=\"og:image:type\" content=\"image\/png\" \/>\n<meta name=\"twitter:card\" content=\"summary_large_image\" \/>\n<meta name=\"twitter:label1\" content=\"Ber\u00e4knad l\u00e4stid\" \/>\n\t<meta name=\"twitter:data1\" content=\"1 minut\" \/>\n<script type=\"application\/ld+json\" class=\"yoast-schema-graph\">{\"@context\":\"https:\/\/schema.org\",\"@graph\":[{\"@type\":\"WebPage\",\"@id\":\"https:\/\/steelstrong.se\/webshop\/index.php\/produkt\/hip-abduction-adductor\/\",\"url\":\"https:\/\/steelstrong.se\/webshop\/index.php\/produkt\/hip-abduction-adductor\/\",\"name\":\"Hip Abduction\/Adductor - STEEL STRONG\",\"isPartOf\":{\"@id\":\"https:\/\/steelstrong.se\/webshop\/#website\"},\"primaryImageOfPage\":{\"@id\":\"https:\/\/steelstrong.se\/webshop\/index.php\/produkt\/hip-abduction-adductor\/#primaryimage\"},\"image\":{\"@id\":\"https:\/\/steelstrong.se\/webshop\/index.php\/produkt\/hip-abduction-adductor\/#primaryimage\"},\"thumbnailUrl\":\"https:\/\/steelstrong.se\/webshop\/wp-content\/uploads\/2025\/01\/1-1.png\",\"datePublished\":\"2025-01-20T17:05:44+00:00\",\"dateModified\":\"2026-01-23T03:47:59+00:00\",\"description\":\"Plate loaded Hip Abduction\/Adductor gjord efter dina behov! - Svensktillverkad utrustning med fokus p\u00e5 funktion och kvalit\u00e9!\",\"breadcrumb\":{\"@id\":\"https:\/\/steelstrong.se\/webshop\/index.php\/produkt\/hip-abduction-adductor\/#breadcrumb\"},\"inLanguage\":\"sv-SE\",\"potentialAction\":[{\"@type\":\"ReadAction\",\"target\":[\"https:\/\/steelstrong.se\/webshop\/index.php\/produkt\/hip-abduction-adductor\/\"]}]},{\"@type\":\"ImageObject\",\"inLanguage\":\"sv-SE\",\"@id\":\"https:\/\/steelstrong.se\/webshop\/index.php\/produkt\/hip-abduction-adductor\/#primaryimage\",\"url\":\"https:\/\/steelstrong.se\/webshop\/wp-content\/uploads\/2025\/01\/1-1.png\",\"contentUrl\":\"https:\/\/steelstrong.se\/webshop\/wp-content\/uploads\/2025\/01\/1-1.png\",\"width\":1080,\"height\":1350},{\"@type\":\"BreadcrumbList\",\"@id\":\"https:\/\/steelstrong.se\/webshop\/index.php\/produkt\/hip-abduction-adductor\/#breadcrumb\",\"itemListElement\":[{\"@type\":\"ListItem\",\"position\":1,\"name\":\"Hem\",\"item\":\"https:\/\/steelstrong.se\/webshop\/\"},{\"@type\":\"ListItem\",\"position\":2,\"name\":\"Butik\",\"item\":\"https:\/\/steelstrong.se\/webshop\/index.php\/butik\/\"},{\"@type\":\"ListItem\",\"position\":3,\"name\":\"Hip Abduction\/Adductor\"}]},{\"@type\":\"WebSite\",\"@id\":\"https:\/\/steelstrong.se\/webshop\/#website\",\"url\":\"https:\/\/steelstrong.se\/webshop\/\",\"name\":\"STEEL STRONG\",\"description\":\"Svensktillverkad Gymutrustning\",\"publisher\":{\"@id\":\"https:\/\/steelstrong.se\/webshop\/#organization\"},\"potentialAction\":[{\"@type\":\"SearchAction\",\"target\":{\"@type\":\"EntryPoint\",\"urlTemplate\":\"https:\/\/steelstrong.se\/webshop\/?s={search_term_string}\"},\"query-input\":{\"@type\":\"PropertyValueSpecification\",\"valueRequired\":true,\"valueName\":\"search_term_string\"}}],\"inLanguage\":\"sv-SE\"},{\"@type\":\"Organization\",\"@id\":\"https:\/\/steelstrong.se\/webshop\/#organization\",\"name\":\"STEEL STRONG\",\"url\":\"https:\/\/steelstrong.se\/webshop\/\",\"logo\":{\"@type\":\"ImageObject\",\"inLanguage\":\"sv-SE\",\"@id\":\"https:\/\/steelstrong.se\/webshop\/#\/schema\/logo\/image\/\",\"url\":\"https:\/\/steelstrong.se\/webshop\/wp-content\/uploads\/2025\/01\/cropped-Keniwo-Logo-kvadrat-2.png\",\"contentUrl\":\"https:\/\/steelstrong.se\/webshop\/wp-content\/uploads\/2025\/01\/cropped-Keniwo-Logo-kvadrat-2.png\",\"width\":750,\"height\":114,\"caption\":\"STEEL STRONG\"},\"image\":{\"@id\":\"https:\/\/steelstrong.se\/webshop\/#\/schema\/logo\/image\/\"},\"sameAs\":[\"https:\/\/www.instagram.com\/steelstrong_fabrication\/\"]}]}<\/script>\n<!-- \/ Yoast SEO plugin. -->","yoast_head_json":{"title":"Hip Abduction\/Adductor - STEEL STRONG","description":"Plate loaded Hip Abduction\/Adductor gjord efter dina behov! - Svensktillverkad utrustning med fokus p\u00e5 funktion och kvalit\u00e9!","robots":{"index":"index","follow":"follow","max-snippet":"max-snippet:-1","max-image-preview":"max-image-preview:large","max-video-preview":"max-video-preview:-1"},"canonical":"https:\/\/steelstrong.se\/webshop\/index.php\/produkt\/hip-abduction-adductor\/","og_locale":"sv_SE","og_type":"article","og_title":"Hip Abduction\/Adductor - STEEL STRONG","og_description":"Plate loaded Hip Abduction\/Adductor gjord efter dina behov! - Svensktillverkad utrustning med fokus p\u00e5 funktion och kvalit\u00e9!","og_url":"https:\/\/steelstrong.se\/webshop\/index.php\/produkt\/hip-abduction-adductor\/","og_site_name":"STEEL STRONG","article_modified_time":"2026-01-23T03:47:59+00:00","og_image":[{"width":1080,"height":1350,"url":"https:\/\/steelstrong.se\/webshop\/wp-content\/uploads\/2025\/01\/1-1.png","type":"image\/png"}],"twitter_card":"summary_large_image","twitter_misc":{"Ber\u00e4knad l\u00e4stid":"1 minut"},"schema":{"@context":"https:\/\/schema.org","@graph":[{"@type":"WebPage","@id":"https:\/\/steelstrong.se\/webshop\/index.php\/produkt\/hip-abduction-adductor\/","url":"https:\/\/steelstrong.se\/webshop\/index.php\/produkt\/hip-abduction-adductor\/","name":"Hip Abduction\/Adductor - STEEL STRONG","isPartOf":{"@id":"https:\/\/steelstrong.se\/webshop\/#website"},"primaryImageOfPage":{"@id":"https:\/\/steelstrong.se\/webshop\/index.php\/produkt\/hip-abduction-adductor\/#primaryimage"},"image":{"@id":"https:\/\/steelstrong.se\/webshop\/index.php\/produkt\/hip-abduction-adductor\/#primaryimage"},"thumbnailUrl":"https:\/\/steelstrong.se\/webshop\/wp-content\/uploads\/2025\/01\/1-1.png","datePublished":"2025-01-20T17:05:44+00:00","dateModified":"2026-01-23T03:47:59+00:00","description":"Plate loaded Hip Abduction\/Adductor gjord efter dina behov! - Svensktillverkad utrustning med fokus p\u00e5 funktion och kvalit\u00e9!","breadcrumb":{"@id":"https:\/\/steelstrong.se\/webshop\/index.php\/produkt\/hip-abduction-adductor\/#breadcrumb"},"inLanguage":"sv-SE","potentialAction":[{"@type":"ReadAction","target":["https:\/\/steelstrong.se\/webshop\/index.php\/produkt\/hip-abduction-adductor\/"]}]},{"@type":"ImageObject","inLanguage":"sv-SE","@id":"https:\/\/steelstrong.se\/webshop\/index.php\/produkt\/hip-abduction-adductor\/#primaryimage","url":"https:\/\/steelstrong.se\/webshop\/wp-content\/uploads\/2025\/01\/1-1.png","contentUrl":"https:\/\/steelstrong.se\/webshop\/wp-content\/uploads\/2025\/01\/1-1.png","width":1080,"height":1350},{"@type":"BreadcrumbList","@id":"https:\/\/steelstrong.se\/webshop\/index.php\/produkt\/hip-abduction-adductor\/#breadcrumb","itemListElement":[{"@type":"ListItem","position":1,"name":"Hem","item":"https:\/\/steelstrong.se\/webshop\/"},{"@type":"ListItem","position":2,"name":"Butik","item":"https:\/\/steelstrong.se\/webshop\/index.php\/butik\/"},{"@type":"ListItem","position":3,"name":"Hip Abduction\/Adductor"}]},{"@type":"WebSite","@id":"https:\/\/steelstrong.se\/webshop\/#website","url":"https:\/\/steelstrong.se\/webshop\/","name":"STEEL STRONG","description":"Svensktillverkad Gymutrustning","publisher":{"@id":"https:\/\/steelstrong.se\/webshop\/#organization"},"potentialAction":[{"@type":"SearchAction","target":{"@type":"EntryPoint","urlTemplate":"https:\/\/steelstrong.se\/webshop\/?s={search_term_string}"},"query-input":{"@type":"PropertyValueSpecification","valueRequired":true,"valueName":"search_term_string"}}],"inLanguage":"sv-SE"},{"@type":"Organization","@id":"https:\/\/steelstrong.se\/webshop\/#organization","name":"STEEL STRONG","url":"https:\/\/steelstrong.se\/webshop\/","logo":{"@type":"ImageObject","inLanguage":"sv-SE","@id":"https:\/\/steelstrong.se\/webshop\/#\/schema\/logo\/image\/","url":"https:\/\/steelstrong.se\/webshop\/wp-content\/uploads\/2025\/01\/cropped-Keniwo-Logo-kvadrat-2.png","contentUrl":"https:\/\/steelstrong.se\/webshop\/wp-content\/uploads\/2025\/01\/cropped-Keniwo-Logo-kvadrat-2.png","width":750,"height":114,"caption":"STEEL STRONG"},"image":{"@id":"https:\/\/steelstrong.se\/webshop\/#\/schema\/logo\/image\/"},"sameAs":["https:\/\/www.instagram.com\/steelstrong_fabrication\/"]}]}},"jetpack_sharing_enabled":true,"_links":{"self":[{"href":"https:\/\/steelstrong.se\/webshop\/index.php\/wp-json\/wp\/v2\/product\/624","targetHints":{"allow":["GET"]}}],"collection":[{"href":"https:\/\/steelstrong.se\/webshop\/index.php\/wp-json\/wp\/v2\/product"}],"about":[{"href":"https:\/\/steelstrong.se\/webshop\/index.php\/wp-json\/wp\/v2\/types\/product"}],"replies":[{"embeddable":true,"href":"https:\/\/steelstrong.se\/webshop\/index.php\/wp-json\/wp\/v2\/comments?post=624"}],"wp:featuredmedia":[{"embeddable":true,"href":"https:\/\/steelstrong.se\/webshop\/index.php\/wp-json\/wp\/v2\/media\/16422"}],"wp:attachment":[{"href":"https:\/\/steelstrong.se\/webshop\/index.php\/wp-json\/wp\/v2\/media?parent=624"}],"wp:term":[{"taxonomy":"product_brand","embeddable":true,"href":"https:\/\/steelstrong.se\/webshop\/index.php\/wp-json\/wp\/v2\/product_brand?post=624"},{"taxonomy":"product_cat","embeddable":true,"href":"https:\/\/steelstrong.se\/webshop\/index.php\/wp-json\/wp\/v2\/product_cat?post=624"},{"taxonomy":"product_tag","embeddable":true,"href":"https:\/\/steelstrong.se\/webshop\/index.php\/wp-json\/wp\/v2\/product_tag?post=624"}],"curies":[{"name":"wp","href":"https:\/\/api.w.org\/{rel}","templated":true}]}}