{"id":75,"date":"2024-12-29T13:01:53","date_gmt":"2024-12-29T13:01:53","guid":{"rendered":"https:\/\/steelstrong.se\/webshop\/index.php\/produkt\/steel-strong-ergogrips\/"},"modified":"2025-08-04T04:35:02","modified_gmt":"2025-08-04T04:35:02","slug":"ergogrips","status":"publish","type":"product","link":"https:\/\/steelstrong.se\/webshop\/index.php\/produkt\/ergogrips\/","title":{"rendered":"Ergogrips"},"content":{"rendered":"<p>Steel Strong Ergogrips,\u00a0gymutrustningen f\u00f6r intensiva ryggpass. Dessa ergonomiskt utformade grepp \u00e4r speciellt framtagna f\u00f6r att ge ett bekv\u00e4mt och s\u00e4kert grepp n\u00e4r du utf\u00f6r olika rygg\u00f6vningar. Greppen \u00e4r gjorda av svenskt\u00a0st\u00e5l och \u00e4r byggda f\u00f6r att t\u00e5la tung vikt och intensiva tr\u00e4ningspass, vilket g\u00f6r dem till det perfekta valet f\u00f6r alla som \u00e4r seri\u00f6sa med sin ryggtr\u00e4ning. Steel Strong Ergogrips \u00e4r designade f\u00f6r att j\u00e4mnt f\u00f6rdela vikten \u00f6ver dina h\u00e4nder, vilket minskar risken f\u00f6r belastning eller skada under dina tr\u00e4ningspass. Uppgradera din gymutrustning med dessa h\u00f6gkvalitativa, svensktillverkade grepp och ta din ryggtr\u00e4ning till n\u00e4sta niv\u00e5.<\/p>\n","protected":false},"excerpt":{"rendered":"<p>Steel Strong Ergogrips \u00e4r ergonomiskt designade grepp som ger ett bekv\u00e4mt och s\u00e4kert grepp vid rygg\u00f6vningar. Tillverkade i svenskt st\u00e5l, \u00e4r de byggda f\u00f6r att t\u00e5la tunga vikter och intensiva pass, vilket g\u00f6r dem idealiska f\u00f6r seri\u00f6sa lyftare. Greppen f\u00f6rdelar vikten j\u00e4mnt \u00f6ver h\u00e4nderna, vilket minskar risken f\u00f6r belastning och skador. Uppgradera din ryggtr\u00e4ning med dessa h\u00e5llbara, h\u00f6gkvalitativa grepp.<\/p>\n","protected":false},"featured_media":566,"comment_status":"open","ping_status":"closed","template":"","meta":[],"product_brand":[],"product_cat":[31,21],"product_tag":[],"class_list":{"0":"post-75","1":"product","2":"type-product","3":"status-publish","4":"has-post-thumbnail","6":"product_cat-handtag","7":"product_cat-tillbehor","8":"product_shipping_class-over-10-kg","10":"first","11":"instock","12":"taxable","13":"shipping-taxable","14":"purchasable","15":"product-type-variable"},"yoast_head":"<!-- This site is optimized with the Yoast SEO plugin v25.3.1 - https:\/\/yoast.com\/wordpress\/plugins\/seo\/ -->\n<title>Ergogrips - STEEL STRONG<\/title>\n<meta name=\"description\" content=\"Ergogrips ett val f\u00f6r dig som vill f\u00e5 ut mer av din rygg tr\u00e4ning! STEEL STRONG H\u00f6gkvalitativ utrustning, tillverkat i Sverige!\" \/>\n<meta name=\"robots\" content=\"index, follow, max-snippet:-1, max-image-preview:large, max-video-preview:-1\" \/>\n<link rel=\"canonical\" href=\"https:\/\/steelstrong.se\/webshop\/index.php\/produkt\/ergogrips\/\" \/>\n<meta property=\"og:locale\" content=\"sv_SE\" \/>\n<meta property=\"og:type\" content=\"article\" \/>\n<meta property=\"og:title\" content=\"Ergogrips - STEEL STRONG\" \/>\n<meta property=\"og:description\" content=\"Ergogrips ett val f\u00f6r dig som vill f\u00e5 ut mer av din rygg tr\u00e4ning! STEEL STRONG H\u00f6gkvalitativ utrustning, tillverkat i Sverige!\" \/>\n<meta property=\"og:url\" content=\"https:\/\/steelstrong.se\/webshop\/index.php\/produkt\/ergogrips\/\" \/>\n<meta property=\"og:site_name\" content=\"STEEL STRONG\" \/>\n<meta property=\"article:modified_time\" content=\"2025-08-04T04:35:02+00:00\" \/>\n<meta property=\"og:image\" content=\"https:\/\/steelstrong.se\/webshop\/wp-content\/uploads\/2025\/01\/6.png\" \/>\n\t<meta property=\"og:image:width\" content=\"1080\" \/>\n\t<meta property=\"og:image:height\" content=\"1080\" \/>\n\t<meta property=\"og:image:type\" content=\"image\/png\" \/>\n<meta name=\"twitter:card\" content=\"summary_large_image\" \/>\n<meta name=\"twitter:label1\" content=\"Ber\u00e4knad l\u00e4stid\" \/>\n\t<meta name=\"twitter:data1\" content=\"1 minut\" \/>\n<script type=\"application\/ld+json\" class=\"yoast-schema-graph\">{\"@context\":\"https:\/\/schema.org\",\"@graph\":[{\"@type\":\"WebPage\",\"@id\":\"https:\/\/steelstrong.se\/webshop\/index.php\/produkt\/ergogrips\/\",\"url\":\"https:\/\/steelstrong.se\/webshop\/index.php\/produkt\/ergogrips\/\",\"name\":\"Ergogrips - STEEL STRONG\",\"isPartOf\":{\"@id\":\"https:\/\/steelstrong.se\/webshop\/#website\"},\"primaryImageOfPage\":{\"@id\":\"https:\/\/steelstrong.se\/webshop\/index.php\/produkt\/ergogrips\/#primaryimage\"},\"image\":{\"@id\":\"https:\/\/steelstrong.se\/webshop\/index.php\/produkt\/ergogrips\/#primaryimage\"},\"thumbnailUrl\":\"https:\/\/steelstrong.se\/webshop\/wp-content\/uploads\/2025\/01\/6.png\",\"datePublished\":\"2024-12-29T13:01:53+00:00\",\"dateModified\":\"2025-08-04T04:35:02+00:00\",\"description\":\"Ergogrips ett val f\u00f6r dig som vill f\u00e5 ut mer av din rygg tr\u00e4ning! STEEL STRONG H\u00f6gkvalitativ utrustning, tillverkat i Sverige!\",\"breadcrumb\":{\"@id\":\"https:\/\/steelstrong.se\/webshop\/index.php\/produkt\/ergogrips\/#breadcrumb\"},\"inLanguage\":\"sv-SE\",\"potentialAction\":[{\"@type\":\"ReadAction\",\"target\":[\"https:\/\/steelstrong.se\/webshop\/index.php\/produkt\/ergogrips\/\"]}]},{\"@type\":\"ImageObject\",\"inLanguage\":\"sv-SE\",\"@id\":\"https:\/\/steelstrong.se\/webshop\/index.php\/produkt\/ergogrips\/#primaryimage\",\"url\":\"https:\/\/steelstrong.se\/webshop\/wp-content\/uploads\/2025\/01\/6.png\",\"contentUrl\":\"https:\/\/steelstrong.se\/webshop\/wp-content\/uploads\/2025\/01\/6.png\",\"width\":1080,\"height\":1080},{\"@type\":\"BreadcrumbList\",\"@id\":\"https:\/\/steelstrong.se\/webshop\/index.php\/produkt\/ergogrips\/#breadcrumb\",\"itemListElement\":[{\"@type\":\"ListItem\",\"position\":1,\"name\":\"Hem\",\"item\":\"https:\/\/steelstrong.se\/webshop\/\"},{\"@type\":\"ListItem\",\"position\":2,\"name\":\"Butik\",\"item\":\"https:\/\/steelstrong.se\/webshop\/index.php\/butik\/\"},{\"@type\":\"ListItem\",\"position\":3,\"name\":\"Ergogrips\"}]},{\"@type\":\"WebSite\",\"@id\":\"https:\/\/steelstrong.se\/webshop\/#website\",\"url\":\"https:\/\/steelstrong.se\/webshop\/\",\"name\":\"STEEL STRONG\",\"description\":\"Svensktillverkad Gymutrustning\",\"publisher\":{\"@id\":\"https:\/\/steelstrong.se\/webshop\/#organization\"},\"potentialAction\":[{\"@type\":\"SearchAction\",\"target\":{\"@type\":\"EntryPoint\",\"urlTemplate\":\"https:\/\/steelstrong.se\/webshop\/?s={search_term_string}\"},\"query-input\":{\"@type\":\"PropertyValueSpecification\",\"valueRequired\":true,\"valueName\":\"search_term_string\"}}],\"inLanguage\":\"sv-SE\"},{\"@type\":\"Organization\",\"@id\":\"https:\/\/steelstrong.se\/webshop\/#organization\",\"name\":\"STEEL STRONG\",\"url\":\"https:\/\/steelstrong.se\/webshop\/\",\"logo\":{\"@type\":\"ImageObject\",\"inLanguage\":\"sv-SE\",\"@id\":\"https:\/\/steelstrong.se\/webshop\/#\/schema\/logo\/image\/\",\"url\":\"https:\/\/steelstrong.se\/webshop\/wp-content\/uploads\/2025\/01\/cropped-Keniwo-Logo-kvadrat-2.png\",\"contentUrl\":\"https:\/\/steelstrong.se\/webshop\/wp-content\/uploads\/2025\/01\/cropped-Keniwo-Logo-kvadrat-2.png\",\"width\":750,\"height\":114,\"caption\":\"STEEL STRONG\"},\"image\":{\"@id\":\"https:\/\/steelstrong.se\/webshop\/#\/schema\/logo\/image\/\"},\"sameAs\":[\"https:\/\/www.instagram.com\/steelstrong_fabrication\/\"]}]}<\/script>\n<!-- \/ Yoast SEO plugin. -->","yoast_head_json":{"title":"Ergogrips - STEEL STRONG","description":"Ergogrips ett val f\u00f6r dig som vill f\u00e5 ut mer av din rygg tr\u00e4ning! STEEL STRONG H\u00f6gkvalitativ utrustning, tillverkat i Sverige!","robots":{"index":"index","follow":"follow","max-snippet":"max-snippet:-1","max-image-preview":"max-image-preview:large","max-video-preview":"max-video-preview:-1"},"canonical":"https:\/\/steelstrong.se\/webshop\/index.php\/produkt\/ergogrips\/","og_locale":"sv_SE","og_type":"article","og_title":"Ergogrips - STEEL STRONG","og_description":"Ergogrips ett val f\u00f6r dig som vill f\u00e5 ut mer av din rygg tr\u00e4ning! STEEL STRONG H\u00f6gkvalitativ utrustning, tillverkat i Sverige!","og_url":"https:\/\/steelstrong.se\/webshop\/index.php\/produkt\/ergogrips\/","og_site_name":"STEEL STRONG","article_modified_time":"2025-08-04T04:35:02+00:00","og_image":[{"width":1080,"height":1080,"url":"https:\/\/steelstrong.se\/webshop\/wp-content\/uploads\/2025\/01\/6.png","type":"image\/png"}],"twitter_card":"summary_large_image","twitter_misc":{"Ber\u00e4knad l\u00e4stid":"1 minut"},"schema":{"@context":"https:\/\/schema.org","@graph":[{"@type":"WebPage","@id":"https:\/\/steelstrong.se\/webshop\/index.php\/produkt\/ergogrips\/","url":"https:\/\/steelstrong.se\/webshop\/index.php\/produkt\/ergogrips\/","name":"Ergogrips - STEEL STRONG","isPartOf":{"@id":"https:\/\/steelstrong.se\/webshop\/#website"},"primaryImageOfPage":{"@id":"https:\/\/steelstrong.se\/webshop\/index.php\/produkt\/ergogrips\/#primaryimage"},"image":{"@id":"https:\/\/steelstrong.se\/webshop\/index.php\/produkt\/ergogrips\/#primaryimage"},"thumbnailUrl":"https:\/\/steelstrong.se\/webshop\/wp-content\/uploads\/2025\/01\/6.png","datePublished":"2024-12-29T13:01:53+00:00","dateModified":"2025-08-04T04:35:02+00:00","description":"Ergogrips ett val f\u00f6r dig som vill f\u00e5 ut mer av din rygg tr\u00e4ning! STEEL STRONG H\u00f6gkvalitativ utrustning, tillverkat i Sverige!","breadcrumb":{"@id":"https:\/\/steelstrong.se\/webshop\/index.php\/produkt\/ergogrips\/#breadcrumb"},"inLanguage":"sv-SE","potentialAction":[{"@type":"ReadAction","target":["https:\/\/steelstrong.se\/webshop\/index.php\/produkt\/ergogrips\/"]}]},{"@type":"ImageObject","inLanguage":"sv-SE","@id":"https:\/\/steelstrong.se\/webshop\/index.php\/produkt\/ergogrips\/#primaryimage","url":"https:\/\/steelstrong.se\/webshop\/wp-content\/uploads\/2025\/01\/6.png","contentUrl":"https:\/\/steelstrong.se\/webshop\/wp-content\/uploads\/2025\/01\/6.png","width":1080,"height":1080},{"@type":"BreadcrumbList","@id":"https:\/\/steelstrong.se\/webshop\/index.php\/produkt\/ergogrips\/#breadcrumb","itemListElement":[{"@type":"ListItem","position":1,"name":"Hem","item":"https:\/\/steelstrong.se\/webshop\/"},{"@type":"ListItem","position":2,"name":"Butik","item":"https:\/\/steelstrong.se\/webshop\/index.php\/butik\/"},{"@type":"ListItem","position":3,"name":"Ergogrips"}]},{"@type":"WebSite","@id":"https:\/\/steelstrong.se\/webshop\/#website","url":"https:\/\/steelstrong.se\/webshop\/","name":"STEEL STRONG","description":"Svensktillverkad Gymutrustning","publisher":{"@id":"https:\/\/steelstrong.se\/webshop\/#organization"},"potentialAction":[{"@type":"SearchAction","target":{"@type":"EntryPoint","urlTemplate":"https:\/\/steelstrong.se\/webshop\/?s={search_term_string}"},"query-input":{"@type":"PropertyValueSpecification","valueRequired":true,"valueName":"search_term_string"}}],"inLanguage":"sv-SE"},{"@type":"Organization","@id":"https:\/\/steelstrong.se\/webshop\/#organization","name":"STEEL STRONG","url":"https:\/\/steelstrong.se\/webshop\/","logo":{"@type":"ImageObject","inLanguage":"sv-SE","@id":"https:\/\/steelstrong.se\/webshop\/#\/schema\/logo\/image\/","url":"https:\/\/steelstrong.se\/webshop\/wp-content\/uploads\/2025\/01\/cropped-Keniwo-Logo-kvadrat-2.png","contentUrl":"https:\/\/steelstrong.se\/webshop\/wp-content\/uploads\/2025\/01\/cropped-Keniwo-Logo-kvadrat-2.png","width":750,"height":114,"caption":"STEEL STRONG"},"image":{"@id":"https:\/\/steelstrong.se\/webshop\/#\/schema\/logo\/image\/"},"sameAs":["https:\/\/www.instagram.com\/steelstrong_fabrication\/"]}]}},"jetpack_sharing_enabled":true,"_links":{"self":[{"href":"https:\/\/steelstrong.se\/webshop\/index.php\/wp-json\/wp\/v2\/product\/75","targetHints":{"allow":["GET"]}}],"collection":[{"href":"https:\/\/steelstrong.se\/webshop\/index.php\/wp-json\/wp\/v2\/product"}],"about":[{"href":"https:\/\/steelstrong.se\/webshop\/index.php\/wp-json\/wp\/v2\/types\/product"}],"replies":[{"embeddable":true,"href":"https:\/\/steelstrong.se\/webshop\/index.php\/wp-json\/wp\/v2\/comments?post=75"}],"wp:featuredmedia":[{"embeddable":true,"href":"https:\/\/steelstrong.se\/webshop\/index.php\/wp-json\/wp\/v2\/media\/566"}],"wp:attachment":[{"href":"https:\/\/steelstrong.se\/webshop\/index.php\/wp-json\/wp\/v2\/media?parent=75"}],"wp:term":[{"taxonomy":"product_brand","embeddable":true,"href":"https:\/\/steelstrong.se\/webshop\/index.php\/wp-json\/wp\/v2\/product_brand?post=75"},{"taxonomy":"product_cat","embeddable":true,"href":"https:\/\/steelstrong.se\/webshop\/index.php\/wp-json\/wp\/v2\/product_cat?post=75"},{"taxonomy":"product_tag","embeddable":true,"href":"https:\/\/steelstrong.se\/webshop\/index.php\/wp-json\/wp\/v2\/product_tag?post=75"}],"curies":[{"name":"wp","href":"https:\/\/api.w.org\/{rel}","templated":true}]}}