{"id":80,"date":"2024-12-29T13:01:54","date_gmt":"2024-12-29T13:01:54","guid":{"rendered":"https:\/\/steelstrong.se\/webshop\/index.php\/produkt\/vertikal-skivstangshallare\/"},"modified":"2025-08-01T04:33:03","modified_gmt":"2025-08-01T04:33:03","slug":"vertikal-skivstangshallare","status":"publish","type":"product","link":"https:\/\/steelstrong.se\/webshop\/index.php\/produkt\/vertikal-skivstangshallare\/","title":{"rendered":"Vertical Barbell Storage"},"content":{"rendered":"<p>Vi presenterar Vertikal Skivst\u00e5ngsh\u00e5llare, den perfekta l\u00f6sningen f\u00f6r f\u00f6rvaring skivst\u00e4nger. Detta robusta st\u00e4ll har 9 f\u00f6rvaringsalternativ f\u00f6r dina skivst\u00e4nger, vilket ger en elegant och plats besparande design f\u00f6r alla tr\u00e4ningsanl\u00e4ggningar. Denna skivst\u00e5ngs h\u00e5llare \u00e4r tillverkad i Sverige och garanterar h\u00f6g kvalitet, vilket s\u00e4kerst\u00e4ller h\u00e5llbarhet och livsl\u00e4ngd. Vi erbjuder ocks\u00e5 speciella tillverknings alternativ f\u00f6r att m\u00f6ta de specifika behoven p\u00e5 ditt gym, vilket m\u00f6jligg\u00f6r anpassningar som ytterligare lagringsalternativ eller varum\u00e4rke. Med denna produkt kan du h\u00e5lla ditt gym organiserat och effektivt, samtidigt som du l\u00e4gger till en touch av din egen design till ditt gym.<\/p>\n<p>&nbsp;<\/p>\n","protected":false},"excerpt":{"rendered":"<p>Vertikal Skivst\u00e5ngsh\u00e5llare \u00e4r den perfekta l\u00f6sningen f\u00f6r effektiv f\u00f6rvaring av skivst\u00e4nger. Med 9 f\u00f6rvaringsalternativ erbjuder denna robusta och platsbesparande design en elegant l\u00f6sning f\u00f6r gym och tr\u00e4ningsanl\u00e4ggningar. Tillverkad i Sverige f\u00f6r l\u00e5ng h\u00e5llbarhet, kan denna h\u00e5llare anpassas efter specifika behov, inklusive extra lagringsalternativ eller varum\u00e4rkning. H\u00e5ll ditt gym organiserat och l\u00e4gg till en personlig touch med denna funktionella och stiliga skivst\u00e5ngsh\u00e5llare.<\/p>\n","protected":false},"featured_media":570,"comment_status":"open","ping_status":"closed","template":"","meta":[],"product_brand":[],"product_cat":[20,37,32],"product_tag":[],"class_list":{"0":"post-80","1":"product","2":"type-product","3":"status-publish","4":"has-post-thumbnail","6":"product_cat-forvaring","7":"product_cat-skivstangshallare","8":"product_cat-till-gymmet","9":"product_shipping_class-over-25-kg","11":"first","12":"instock","13":"taxable","14":"shipping-taxable","15":"purchasable","16":"product-type-simple"},"yoast_head":"<!-- This site is optimized with the Yoast SEO plugin v25.3.1 - https:\/\/yoast.com\/wordpress\/plugins\/seo\/ -->\n<title>Vertical Barbell Storage - STEEL STRONG<\/title>\n<meta name=\"description\" content=\"Skaffa en smidigare f\u00f6rvaringsl\u00f6sning f\u00f6r dina skivst\u00e4nger v\u00e5r Vertical Barbell Storage - STEEL STRONG H\u00f6gkvalitativ utrustning, tillverkat i Sverige!\" \/>\n<meta name=\"robots\" content=\"index, follow, max-snippet:-1, max-image-preview:large, max-video-preview:-1\" \/>\n<link rel=\"canonical\" href=\"https:\/\/steelstrong.se\/webshop\/index.php\/produkt\/vertikal-skivstangshallare\/\" \/>\n<meta property=\"og:locale\" content=\"sv_SE\" \/>\n<meta property=\"og:type\" content=\"article\" \/>\n<meta property=\"og:title\" content=\"Vertical Barbell Storage - STEEL STRONG\" \/>\n<meta property=\"og:description\" content=\"Skaffa en smidigare f\u00f6rvaringsl\u00f6sning f\u00f6r dina skivst\u00e4nger v\u00e5r Vertical Barbell Storage - STEEL STRONG H\u00f6gkvalitativ utrustning, tillverkat i Sverige!\" \/>\n<meta property=\"og:url\" content=\"https:\/\/steelstrong.se\/webshop\/index.php\/produkt\/vertikal-skivstangshallare\/\" \/>\n<meta property=\"og:site_name\" content=\"STEEL STRONG\" \/>\n<meta property=\"article:modified_time\" content=\"2025-08-01T04:33:03+00:00\" \/>\n<meta property=\"og:image\" content=\"https:\/\/steelstrong.se\/webshop\/wp-content\/uploads\/2025\/01\/10.png\" \/>\n\t<meta property=\"og:image:width\" content=\"1080\" \/>\n\t<meta property=\"og:image:height\" content=\"1080\" \/>\n\t<meta property=\"og:image:type\" content=\"image\/png\" \/>\n<meta name=\"twitter:card\" content=\"summary_large_image\" \/>\n<meta name=\"twitter:label1\" content=\"Ber\u00e4knad l\u00e4stid\" \/>\n\t<meta name=\"twitter:data1\" content=\"1 minut\" \/>\n<script type=\"application\/ld+json\" class=\"yoast-schema-graph\">{\"@context\":\"https:\/\/schema.org\",\"@graph\":[{\"@type\":\"WebPage\",\"@id\":\"https:\/\/steelstrong.se\/webshop\/index.php\/produkt\/vertikal-skivstangshallare\/\",\"url\":\"https:\/\/steelstrong.se\/webshop\/index.php\/produkt\/vertikal-skivstangshallare\/\",\"name\":\"Vertical Barbell Storage - STEEL STRONG\",\"isPartOf\":{\"@id\":\"https:\/\/steelstrong.se\/webshop\/#website\"},\"primaryImageOfPage\":{\"@id\":\"https:\/\/steelstrong.se\/webshop\/index.php\/produkt\/vertikal-skivstangshallare\/#primaryimage\"},\"image\":{\"@id\":\"https:\/\/steelstrong.se\/webshop\/index.php\/produkt\/vertikal-skivstangshallare\/#primaryimage\"},\"thumbnailUrl\":\"https:\/\/steelstrong.se\/webshop\/wp-content\/uploads\/2025\/01\/10.png\",\"datePublished\":\"2024-12-29T13:01:54+00:00\",\"dateModified\":\"2025-08-01T04:33:03+00:00\",\"description\":\"Skaffa en smidigare f\u00f6rvaringsl\u00f6sning f\u00f6r dina skivst\u00e4nger v\u00e5r Vertical Barbell Storage - STEEL STRONG H\u00f6gkvalitativ utrustning, tillverkat i Sverige!\",\"breadcrumb\":{\"@id\":\"https:\/\/steelstrong.se\/webshop\/index.php\/produkt\/vertikal-skivstangshallare\/#breadcrumb\"},\"inLanguage\":\"sv-SE\",\"potentialAction\":[{\"@type\":\"ReadAction\",\"target\":[\"https:\/\/steelstrong.se\/webshop\/index.php\/produkt\/vertikal-skivstangshallare\/\"]}]},{\"@type\":\"ImageObject\",\"inLanguage\":\"sv-SE\",\"@id\":\"https:\/\/steelstrong.se\/webshop\/index.php\/produkt\/vertikal-skivstangshallare\/#primaryimage\",\"url\":\"https:\/\/steelstrong.se\/webshop\/wp-content\/uploads\/2025\/01\/10.png\",\"contentUrl\":\"https:\/\/steelstrong.se\/webshop\/wp-content\/uploads\/2025\/01\/10.png\",\"width\":1080,\"height\":1080},{\"@type\":\"BreadcrumbList\",\"@id\":\"https:\/\/steelstrong.se\/webshop\/index.php\/produkt\/vertikal-skivstangshallare\/#breadcrumb\",\"itemListElement\":[{\"@type\":\"ListItem\",\"position\":1,\"name\":\"Hem\",\"item\":\"https:\/\/steelstrong.se\/webshop\/\"},{\"@type\":\"ListItem\",\"position\":2,\"name\":\"Butik\",\"item\":\"https:\/\/steelstrong.se\/webshop\/index.php\/butik\/\"},{\"@type\":\"ListItem\",\"position\":3,\"name\":\"Vertical Barbell Storage\"}]},{\"@type\":\"WebSite\",\"@id\":\"https:\/\/steelstrong.se\/webshop\/#website\",\"url\":\"https:\/\/steelstrong.se\/webshop\/\",\"name\":\"STEEL STRONG\",\"description\":\"Svensktillverkad Gymutrustning\",\"publisher\":{\"@id\":\"https:\/\/steelstrong.se\/webshop\/#organization\"},\"potentialAction\":[{\"@type\":\"SearchAction\",\"target\":{\"@type\":\"EntryPoint\",\"urlTemplate\":\"https:\/\/steelstrong.se\/webshop\/?s={search_term_string}\"},\"query-input\":{\"@type\":\"PropertyValueSpecification\",\"valueRequired\":true,\"valueName\":\"search_term_string\"}}],\"inLanguage\":\"sv-SE\"},{\"@type\":\"Organization\",\"@id\":\"https:\/\/steelstrong.se\/webshop\/#organization\",\"name\":\"STEEL STRONG\",\"url\":\"https:\/\/steelstrong.se\/webshop\/\",\"logo\":{\"@type\":\"ImageObject\",\"inLanguage\":\"sv-SE\",\"@id\":\"https:\/\/steelstrong.se\/webshop\/#\/schema\/logo\/image\/\",\"url\":\"https:\/\/steelstrong.se\/webshop\/wp-content\/uploads\/2025\/01\/cropped-Keniwo-Logo-kvadrat-2.png\",\"contentUrl\":\"https:\/\/steelstrong.se\/webshop\/wp-content\/uploads\/2025\/01\/cropped-Keniwo-Logo-kvadrat-2.png\",\"width\":750,\"height\":114,\"caption\":\"STEEL STRONG\"},\"image\":{\"@id\":\"https:\/\/steelstrong.se\/webshop\/#\/schema\/logo\/image\/\"},\"sameAs\":[\"https:\/\/www.instagram.com\/steelstrong_fabrication\/\"]}]}<\/script>\n<!-- \/ Yoast SEO plugin. -->","yoast_head_json":{"title":"Vertical Barbell Storage - STEEL STRONG","description":"Skaffa en smidigare f\u00f6rvaringsl\u00f6sning f\u00f6r dina skivst\u00e4nger v\u00e5r Vertical Barbell Storage - STEEL STRONG H\u00f6gkvalitativ utrustning, tillverkat i Sverige!","robots":{"index":"index","follow":"follow","max-snippet":"max-snippet:-1","max-image-preview":"max-image-preview:large","max-video-preview":"max-video-preview:-1"},"canonical":"https:\/\/steelstrong.se\/webshop\/index.php\/produkt\/vertikal-skivstangshallare\/","og_locale":"sv_SE","og_type":"article","og_title":"Vertical Barbell Storage - STEEL STRONG","og_description":"Skaffa en smidigare f\u00f6rvaringsl\u00f6sning f\u00f6r dina skivst\u00e4nger v\u00e5r Vertical Barbell Storage - STEEL STRONG H\u00f6gkvalitativ utrustning, tillverkat i Sverige!","og_url":"https:\/\/steelstrong.se\/webshop\/index.php\/produkt\/vertikal-skivstangshallare\/","og_site_name":"STEEL STRONG","article_modified_time":"2025-08-01T04:33:03+00:00","og_image":[{"width":1080,"height":1080,"url":"https:\/\/steelstrong.se\/webshop\/wp-content\/uploads\/2025\/01\/10.png","type":"image\/png"}],"twitter_card":"summary_large_image","twitter_misc":{"Ber\u00e4knad l\u00e4stid":"1 minut"},"schema":{"@context":"https:\/\/schema.org","@graph":[{"@type":"WebPage","@id":"https:\/\/steelstrong.se\/webshop\/index.php\/produkt\/vertikal-skivstangshallare\/","url":"https:\/\/steelstrong.se\/webshop\/index.php\/produkt\/vertikal-skivstangshallare\/","name":"Vertical Barbell Storage - STEEL STRONG","isPartOf":{"@id":"https:\/\/steelstrong.se\/webshop\/#website"},"primaryImageOfPage":{"@id":"https:\/\/steelstrong.se\/webshop\/index.php\/produkt\/vertikal-skivstangshallare\/#primaryimage"},"image":{"@id":"https:\/\/steelstrong.se\/webshop\/index.php\/produkt\/vertikal-skivstangshallare\/#primaryimage"},"thumbnailUrl":"https:\/\/steelstrong.se\/webshop\/wp-content\/uploads\/2025\/01\/10.png","datePublished":"2024-12-29T13:01:54+00:00","dateModified":"2025-08-01T04:33:03+00:00","description":"Skaffa en smidigare f\u00f6rvaringsl\u00f6sning f\u00f6r dina skivst\u00e4nger v\u00e5r Vertical Barbell Storage - STEEL STRONG H\u00f6gkvalitativ utrustning, tillverkat i Sverige!","breadcrumb":{"@id":"https:\/\/steelstrong.se\/webshop\/index.php\/produkt\/vertikal-skivstangshallare\/#breadcrumb"},"inLanguage":"sv-SE","potentialAction":[{"@type":"ReadAction","target":["https:\/\/steelstrong.se\/webshop\/index.php\/produkt\/vertikal-skivstangshallare\/"]}]},{"@type":"ImageObject","inLanguage":"sv-SE","@id":"https:\/\/steelstrong.se\/webshop\/index.php\/produkt\/vertikal-skivstangshallare\/#primaryimage","url":"https:\/\/steelstrong.se\/webshop\/wp-content\/uploads\/2025\/01\/10.png","contentUrl":"https:\/\/steelstrong.se\/webshop\/wp-content\/uploads\/2025\/01\/10.png","width":1080,"height":1080},{"@type":"BreadcrumbList","@id":"https:\/\/steelstrong.se\/webshop\/index.php\/produkt\/vertikal-skivstangshallare\/#breadcrumb","itemListElement":[{"@type":"ListItem","position":1,"name":"Hem","item":"https:\/\/steelstrong.se\/webshop\/"},{"@type":"ListItem","position":2,"name":"Butik","item":"https:\/\/steelstrong.se\/webshop\/index.php\/butik\/"},{"@type":"ListItem","position":3,"name":"Vertical Barbell Storage"}]},{"@type":"WebSite","@id":"https:\/\/steelstrong.se\/webshop\/#website","url":"https:\/\/steelstrong.se\/webshop\/","name":"STEEL STRONG","description":"Svensktillverkad Gymutrustning","publisher":{"@id":"https:\/\/steelstrong.se\/webshop\/#organization"},"potentialAction":[{"@type":"SearchAction","target":{"@type":"EntryPoint","urlTemplate":"https:\/\/steelstrong.se\/webshop\/?s={search_term_string}"},"query-input":{"@type":"PropertyValueSpecification","valueRequired":true,"valueName":"search_term_string"}}],"inLanguage":"sv-SE"},{"@type":"Organization","@id":"https:\/\/steelstrong.se\/webshop\/#organization","name":"STEEL STRONG","url":"https:\/\/steelstrong.se\/webshop\/","logo":{"@type":"ImageObject","inLanguage":"sv-SE","@id":"https:\/\/steelstrong.se\/webshop\/#\/schema\/logo\/image\/","url":"https:\/\/steelstrong.se\/webshop\/wp-content\/uploads\/2025\/01\/cropped-Keniwo-Logo-kvadrat-2.png","contentUrl":"https:\/\/steelstrong.se\/webshop\/wp-content\/uploads\/2025\/01\/cropped-Keniwo-Logo-kvadrat-2.png","width":750,"height":114,"caption":"STEEL STRONG"},"image":{"@id":"https:\/\/steelstrong.se\/webshop\/#\/schema\/logo\/image\/"},"sameAs":["https:\/\/www.instagram.com\/steelstrong_fabrication\/"]}]}},"jetpack_sharing_enabled":true,"_links":{"self":[{"href":"https:\/\/steelstrong.se\/webshop\/index.php\/wp-json\/wp\/v2\/product\/80","targetHints":{"allow":["GET"]}}],"collection":[{"href":"https:\/\/steelstrong.se\/webshop\/index.php\/wp-json\/wp\/v2\/product"}],"about":[{"href":"https:\/\/steelstrong.se\/webshop\/index.php\/wp-json\/wp\/v2\/types\/product"}],"replies":[{"embeddable":true,"href":"https:\/\/steelstrong.se\/webshop\/index.php\/wp-json\/wp\/v2\/comments?post=80"}],"wp:featuredmedia":[{"embeddable":true,"href":"https:\/\/steelstrong.se\/webshop\/index.php\/wp-json\/wp\/v2\/media\/570"}],"wp:attachment":[{"href":"https:\/\/steelstrong.se\/webshop\/index.php\/wp-json\/wp\/v2\/media?parent=80"}],"wp:term":[{"taxonomy":"product_brand","embeddable":true,"href":"https:\/\/steelstrong.se\/webshop\/index.php\/wp-json\/wp\/v2\/product_brand?post=80"},{"taxonomy":"product_cat","embeddable":true,"href":"https:\/\/steelstrong.se\/webshop\/index.php\/wp-json\/wp\/v2\/product_cat?post=80"},{"taxonomy":"product_tag","embeddable":true,"href":"https:\/\/steelstrong.se\/webshop\/index.php\/wp-json\/wp\/v2\/product_tag?post=80"}],"curies":[{"name":"wp","href":"https:\/\/api.w.org\/{rel}","templated":true}]}}