{"id":90,"date":"2024-12-29T13:01:55","date_gmt":"2024-12-29T13:01:55","guid":{"rendered":"https:\/\/steelstrong.se\/webshop\/index.php\/produkt\/hantel-kettlebellstall\/"},"modified":"2026-01-23T03:51:08","modified_gmt":"2026-01-23T03:51:08","slug":"hantel-stall","status":"publish","type":"product","link":"https:\/\/steelstrong.se\/webshop\/index.php\/produkt\/hantel-stall\/","title":{"rendered":"Dumbell Storage"},"content":{"rendered":"<p>Steel Strong Hantelst\u00e4ll, den ultimata l\u00f6sningen f\u00f6r att organisera och f\u00f6rvara dina hantlar. Konstruerat med h\u00f6gkvalitativt st\u00e5l, \u00e4r detta hantelst\u00e4ll byggt f\u00f6r att t\u00e5la de tyngsta belastningarna och ge l\u00e5ngvarig h\u00e5llbarhet. Den eleganta och moderna designen g\u00f6r den till ett utm\u00e4rkt komplement till ditt gymutrymme. Med sina 3 hyllor m\u00f6jligg\u00f6r detta st\u00e4ll enkel \u00e5tkomst och organisering av olika hantlar, vilket g\u00f6r det till en bekv\u00e4m och praktisk f\u00f6rvaringsl\u00f6sning. Vi erbjuder skr\u00e4ddarsydda l\u00f6sningar f\u00f6r att passa dina behov som tex egen logotyp, f\u00e4rg eller storlek.<\/p>\n","protected":false},"excerpt":{"rendered":"<p>Steel Strong Hantelst\u00e4ll \u00e4r en h\u00e5llbar och elegant f\u00f6rvaringsl\u00f6sning f\u00f6r dina hantlar. Tillverkat av h\u00f6gkvalitativt st\u00e5l, \u00e4r det byggt f\u00f6r att t\u00e5la tunga belastningar och ge l\u00e5ngvarig h\u00e5llbarhet. Med tre hyllor ger det enkel \u00e5tkomst och organisering av hantlar, vilket g\u00f6r det till ett praktiskt tillskott i ditt gym. Dessutom erbjuder vi skr\u00e4ddarsydda l\u00f6sningar, som egen logotyp, f\u00e4rg eller storlek, f\u00f6r att m\u00f6ta dina specifika behov.<\/p>\n<p><strong>Beg\u00e4r offert nedan<\/strong><\/p>\n[contact-form to=\"info@steelstrong.se\" subject=\"Lateral Raise Machine\"][contact-field label=\"Namn\" type=\"select\" required=\"1\" options=\"Privatperson,F\u00f6retag\"][contact-field label=\"E-post\" type=\"email\" required=\"1\"][contact-field label=\"Telefonnummer\" type=\"text\" required=\"1\"][contact-field label=\"Postadress och postnummer\" type=\"text\" required=\"1\"][contact-field label=\"Produkt\" type=\"select\" options=\"Adjustable bench,Chest supported row,45 degree back raise,Foldable back raise,Foldable reverse hyper,Incline benchpress machine,Hip abduction\/adductor,Lateral raise machine,Power runner,Pendulum squat,Press\/Squat combo,Seated row,Seal row bench,Standing leg curl,Competition bench,Power rack,Belt squat,Combo rack,Yoke &#038; farmers combo,Dumbbell storage,Deadlift plattform\"][contact-field label=\"Meddelande\" type=\"textarea\" required=\"1\"][\/contact-form]\n","protected":false},"featured_media":587,"comment_status":"open","ping_status":"closed","template":"","meta":[],"product_brand":[],"product_cat":[20,33,32],"product_tag":[],"class_list":{"0":"post-90","1":"product","2":"type-product","3":"status-publish","4":"has-post-thumbnail","6":"product_cat-forvaring","7":"product_cat-hantelstall","8":"product_cat-till-gymmet","9":"product_shipping_class-over-75-kg","11":"first","12":"instock","13":"taxable","14":"shipping-taxable","15":"purchasable","16":"product-type-simple"},"yoast_head":"<!-- This site is optimized with the Yoast SEO plugin v25.3.1 - https:\/\/yoast.com\/wordpress\/plugins\/seo\/ -->\n<title>Dumbell Storage - STEEL STRONG<\/title>\n<meta name=\"description\" content=\"Det ultimata hantelst\u00e4llet f\u00f6r snygg ock praktiskt f\u00f6rvaring av din hantlar! - STEEL STRONG H\u00f6gkvalitativ utrustning, tillverkat i Sverige!\" \/>\n<meta name=\"robots\" content=\"index, follow, max-snippet:-1, max-image-preview:large, max-video-preview:-1\" \/>\n<link rel=\"canonical\" href=\"https:\/\/steelstrong.se\/webshop\/index.php\/produkt\/hantel-stall\/\" \/>\n<meta property=\"og:locale\" content=\"sv_SE\" \/>\n<meta property=\"og:type\" content=\"article\" \/>\n<meta property=\"og:title\" content=\"Dumbell Storage - STEEL STRONG\" \/>\n<meta property=\"og:description\" content=\"Det ultimata hantelst\u00e4llet f\u00f6r snygg ock praktiskt f\u00f6rvaring av din hantlar! - STEEL STRONG H\u00f6gkvalitativ utrustning, tillverkat i Sverige!\" \/>\n<meta property=\"og:url\" content=\"https:\/\/steelstrong.se\/webshop\/index.php\/produkt\/hantel-stall\/\" \/>\n<meta property=\"og:site_name\" content=\"STEEL STRONG\" \/>\n<meta property=\"article:modified_time\" content=\"2026-01-23T03:51:08+00:00\" \/>\n<meta property=\"og:image\" content=\"https:\/\/steelstrong.se\/webshop\/wp-content\/uploads\/2025\/01\/27.png\" \/>\n\t<meta property=\"og:image:width\" content=\"1080\" \/>\n\t<meta property=\"og:image:height\" content=\"1080\" \/>\n\t<meta property=\"og:image:type\" content=\"image\/png\" \/>\n<meta name=\"twitter:card\" content=\"summary_large_image\" \/>\n<meta name=\"twitter:label1\" content=\"Ber\u00e4knad l\u00e4stid\" \/>\n\t<meta name=\"twitter:data1\" content=\"1 minut\" \/>\n<script type=\"application\/ld+json\" class=\"yoast-schema-graph\">{\"@context\":\"https:\/\/schema.org\",\"@graph\":[{\"@type\":\"WebPage\",\"@id\":\"https:\/\/steelstrong.se\/webshop\/index.php\/produkt\/hantel-stall\/\",\"url\":\"https:\/\/steelstrong.se\/webshop\/index.php\/produkt\/hantel-stall\/\",\"name\":\"Dumbell Storage - STEEL STRONG\",\"isPartOf\":{\"@id\":\"https:\/\/steelstrong.se\/webshop\/#website\"},\"primaryImageOfPage\":{\"@id\":\"https:\/\/steelstrong.se\/webshop\/index.php\/produkt\/hantel-stall\/#primaryimage\"},\"image\":{\"@id\":\"https:\/\/steelstrong.se\/webshop\/index.php\/produkt\/hantel-stall\/#primaryimage\"},\"thumbnailUrl\":\"https:\/\/steelstrong.se\/webshop\/wp-content\/uploads\/2025\/01\/27.png\",\"datePublished\":\"2024-12-29T13:01:55+00:00\",\"dateModified\":\"2026-01-23T03:51:08+00:00\",\"description\":\"Det ultimata hantelst\u00e4llet f\u00f6r snygg ock praktiskt f\u00f6rvaring av din hantlar! - STEEL STRONG H\u00f6gkvalitativ utrustning, tillverkat i Sverige!\",\"breadcrumb\":{\"@id\":\"https:\/\/steelstrong.se\/webshop\/index.php\/produkt\/hantel-stall\/#breadcrumb\"},\"inLanguage\":\"sv-SE\",\"potentialAction\":[{\"@type\":\"ReadAction\",\"target\":[\"https:\/\/steelstrong.se\/webshop\/index.php\/produkt\/hantel-stall\/\"]}]},{\"@type\":\"ImageObject\",\"inLanguage\":\"sv-SE\",\"@id\":\"https:\/\/steelstrong.se\/webshop\/index.php\/produkt\/hantel-stall\/#primaryimage\",\"url\":\"https:\/\/steelstrong.se\/webshop\/wp-content\/uploads\/2025\/01\/27.png\",\"contentUrl\":\"https:\/\/steelstrong.se\/webshop\/wp-content\/uploads\/2025\/01\/27.png\",\"width\":1080,\"height\":1080},{\"@type\":\"BreadcrumbList\",\"@id\":\"https:\/\/steelstrong.se\/webshop\/index.php\/produkt\/hantel-stall\/#breadcrumb\",\"itemListElement\":[{\"@type\":\"ListItem\",\"position\":1,\"name\":\"Hem\",\"item\":\"https:\/\/steelstrong.se\/webshop\/\"},{\"@type\":\"ListItem\",\"position\":2,\"name\":\"Butik\",\"item\":\"https:\/\/steelstrong.se\/webshop\/index.php\/butik\/\"},{\"@type\":\"ListItem\",\"position\":3,\"name\":\"Dumbell Storage\"}]},{\"@type\":\"WebSite\",\"@id\":\"https:\/\/steelstrong.se\/webshop\/#website\",\"url\":\"https:\/\/steelstrong.se\/webshop\/\",\"name\":\"STEEL STRONG\",\"description\":\"Svensktillverkad Gymutrustning\",\"publisher\":{\"@id\":\"https:\/\/steelstrong.se\/webshop\/#organization\"},\"potentialAction\":[{\"@type\":\"SearchAction\",\"target\":{\"@type\":\"EntryPoint\",\"urlTemplate\":\"https:\/\/steelstrong.se\/webshop\/?s={search_term_string}\"},\"query-input\":{\"@type\":\"PropertyValueSpecification\",\"valueRequired\":true,\"valueName\":\"search_term_string\"}}],\"inLanguage\":\"sv-SE\"},{\"@type\":\"Organization\",\"@id\":\"https:\/\/steelstrong.se\/webshop\/#organization\",\"name\":\"STEEL STRONG\",\"url\":\"https:\/\/steelstrong.se\/webshop\/\",\"logo\":{\"@type\":\"ImageObject\",\"inLanguage\":\"sv-SE\",\"@id\":\"https:\/\/steelstrong.se\/webshop\/#\/schema\/logo\/image\/\",\"url\":\"https:\/\/steelstrong.se\/webshop\/wp-content\/uploads\/2025\/01\/cropped-Keniwo-Logo-kvadrat-2.png\",\"contentUrl\":\"https:\/\/steelstrong.se\/webshop\/wp-content\/uploads\/2025\/01\/cropped-Keniwo-Logo-kvadrat-2.png\",\"width\":750,\"height\":114,\"caption\":\"STEEL STRONG\"},\"image\":{\"@id\":\"https:\/\/steelstrong.se\/webshop\/#\/schema\/logo\/image\/\"},\"sameAs\":[\"https:\/\/www.instagram.com\/steelstrong_fabrication\/\"]}]}<\/script>\n<!-- \/ Yoast SEO plugin. -->","yoast_head_json":{"title":"Dumbell Storage - STEEL STRONG","description":"Det ultimata hantelst\u00e4llet f\u00f6r snygg ock praktiskt f\u00f6rvaring av din hantlar! - STEEL STRONG H\u00f6gkvalitativ utrustning, tillverkat i Sverige!","robots":{"index":"index","follow":"follow","max-snippet":"max-snippet:-1","max-image-preview":"max-image-preview:large","max-video-preview":"max-video-preview:-1"},"canonical":"https:\/\/steelstrong.se\/webshop\/index.php\/produkt\/hantel-stall\/","og_locale":"sv_SE","og_type":"article","og_title":"Dumbell Storage - STEEL STRONG","og_description":"Det ultimata hantelst\u00e4llet f\u00f6r snygg ock praktiskt f\u00f6rvaring av din hantlar! - STEEL STRONG H\u00f6gkvalitativ utrustning, tillverkat i Sverige!","og_url":"https:\/\/steelstrong.se\/webshop\/index.php\/produkt\/hantel-stall\/","og_site_name":"STEEL STRONG","article_modified_time":"2026-01-23T03:51:08+00:00","og_image":[{"width":1080,"height":1080,"url":"https:\/\/steelstrong.se\/webshop\/wp-content\/uploads\/2025\/01\/27.png","type":"image\/png"}],"twitter_card":"summary_large_image","twitter_misc":{"Ber\u00e4knad l\u00e4stid":"1 minut"},"schema":{"@context":"https:\/\/schema.org","@graph":[{"@type":"WebPage","@id":"https:\/\/steelstrong.se\/webshop\/index.php\/produkt\/hantel-stall\/","url":"https:\/\/steelstrong.se\/webshop\/index.php\/produkt\/hantel-stall\/","name":"Dumbell Storage - STEEL STRONG","isPartOf":{"@id":"https:\/\/steelstrong.se\/webshop\/#website"},"primaryImageOfPage":{"@id":"https:\/\/steelstrong.se\/webshop\/index.php\/produkt\/hantel-stall\/#primaryimage"},"image":{"@id":"https:\/\/steelstrong.se\/webshop\/index.php\/produkt\/hantel-stall\/#primaryimage"},"thumbnailUrl":"https:\/\/steelstrong.se\/webshop\/wp-content\/uploads\/2025\/01\/27.png","datePublished":"2024-12-29T13:01:55+00:00","dateModified":"2026-01-23T03:51:08+00:00","description":"Det ultimata hantelst\u00e4llet f\u00f6r snygg ock praktiskt f\u00f6rvaring av din hantlar! - STEEL STRONG H\u00f6gkvalitativ utrustning, tillverkat i Sverige!","breadcrumb":{"@id":"https:\/\/steelstrong.se\/webshop\/index.php\/produkt\/hantel-stall\/#breadcrumb"},"inLanguage":"sv-SE","potentialAction":[{"@type":"ReadAction","target":["https:\/\/steelstrong.se\/webshop\/index.php\/produkt\/hantel-stall\/"]}]},{"@type":"ImageObject","inLanguage":"sv-SE","@id":"https:\/\/steelstrong.se\/webshop\/index.php\/produkt\/hantel-stall\/#primaryimage","url":"https:\/\/steelstrong.se\/webshop\/wp-content\/uploads\/2025\/01\/27.png","contentUrl":"https:\/\/steelstrong.se\/webshop\/wp-content\/uploads\/2025\/01\/27.png","width":1080,"height":1080},{"@type":"BreadcrumbList","@id":"https:\/\/steelstrong.se\/webshop\/index.php\/produkt\/hantel-stall\/#breadcrumb","itemListElement":[{"@type":"ListItem","position":1,"name":"Hem","item":"https:\/\/steelstrong.se\/webshop\/"},{"@type":"ListItem","position":2,"name":"Butik","item":"https:\/\/steelstrong.se\/webshop\/index.php\/butik\/"},{"@type":"ListItem","position":3,"name":"Dumbell Storage"}]},{"@type":"WebSite","@id":"https:\/\/steelstrong.se\/webshop\/#website","url":"https:\/\/steelstrong.se\/webshop\/","name":"STEEL STRONG","description":"Svensktillverkad Gymutrustning","publisher":{"@id":"https:\/\/steelstrong.se\/webshop\/#organization"},"potentialAction":[{"@type":"SearchAction","target":{"@type":"EntryPoint","urlTemplate":"https:\/\/steelstrong.se\/webshop\/?s={search_term_string}"},"query-input":{"@type":"PropertyValueSpecification","valueRequired":true,"valueName":"search_term_string"}}],"inLanguage":"sv-SE"},{"@type":"Organization","@id":"https:\/\/steelstrong.se\/webshop\/#organization","name":"STEEL STRONG","url":"https:\/\/steelstrong.se\/webshop\/","logo":{"@type":"ImageObject","inLanguage":"sv-SE","@id":"https:\/\/steelstrong.se\/webshop\/#\/schema\/logo\/image\/","url":"https:\/\/steelstrong.se\/webshop\/wp-content\/uploads\/2025\/01\/cropped-Keniwo-Logo-kvadrat-2.png","contentUrl":"https:\/\/steelstrong.se\/webshop\/wp-content\/uploads\/2025\/01\/cropped-Keniwo-Logo-kvadrat-2.png","width":750,"height":114,"caption":"STEEL STRONG"},"image":{"@id":"https:\/\/steelstrong.se\/webshop\/#\/schema\/logo\/image\/"},"sameAs":["https:\/\/www.instagram.com\/steelstrong_fabrication\/"]}]}},"jetpack_sharing_enabled":true,"_links":{"self":[{"href":"https:\/\/steelstrong.se\/webshop\/index.php\/wp-json\/wp\/v2\/product\/90","targetHints":{"allow":["GET"]}}],"collection":[{"href":"https:\/\/steelstrong.se\/webshop\/index.php\/wp-json\/wp\/v2\/product"}],"about":[{"href":"https:\/\/steelstrong.se\/webshop\/index.php\/wp-json\/wp\/v2\/types\/product"}],"replies":[{"embeddable":true,"href":"https:\/\/steelstrong.se\/webshop\/index.php\/wp-json\/wp\/v2\/comments?post=90"}],"wp:featuredmedia":[{"embeddable":true,"href":"https:\/\/steelstrong.se\/webshop\/index.php\/wp-json\/wp\/v2\/media\/587"}],"wp:attachment":[{"href":"https:\/\/steelstrong.se\/webshop\/index.php\/wp-json\/wp\/v2\/media?parent=90"}],"wp:term":[{"taxonomy":"product_brand","embeddable":true,"href":"https:\/\/steelstrong.se\/webshop\/index.php\/wp-json\/wp\/v2\/product_brand?post=90"},{"taxonomy":"product_cat","embeddable":true,"href":"https:\/\/steelstrong.se\/webshop\/index.php\/wp-json\/wp\/v2\/product_cat?post=90"},{"taxonomy":"product_tag","embeddable":true,"href":"https:\/\/steelstrong.se\/webshop\/index.php\/wp-json\/wp\/v2\/product_tag?post=90"}],"curies":[{"name":"wp","href":"https:\/\/api.w.org\/{rel}","templated":true}]}}