{"id":9241,"date":"2025-06-02T06:34:20","date_gmt":"2025-06-02T06:34:20","guid":{"rendered":"https:\/\/steelstrong.se\/webshop\/?post_type=product&#038;p=9241"},"modified":"2026-02-05T05:34:04","modified_gmt":"2026-02-05T05:34:04","slug":"steel-strong-adjustable-bench","status":"publish","type":"product","link":"https:\/\/steelstrong.se\/webshop\/index.php\/produkt\/steel-strong-adjustable-bench\/","title":{"rendered":"Adjustable Bench"},"content":{"rendered":"<p data-start=\"188\" data-end=\"258\"><strong data-start=\"188\" data-end=\"258\">Steel Strong Adjustable Bench \u2013 Allt-i-ett f\u00f6r Effektiv Styrketr\u00e4ning<\/strong><\/p>\n<p data-start=\"260\" data-end=\"514\">M\u00e5ngsidighet m\u00f6ter h\u00e5llbarhet med <em data-start=\"294\" data-end=\"322\">Steel Strong St\u00e4llbar B\u00e4nk<\/em> \u2013 en premiumtr\u00e4ningsb\u00e4nk byggd f\u00f6r dig som vill ha maximal variation och stabilitet i varje lyft. Oavsett om du k\u00f6r pressar, rodd eller core\u00f6vningar, levererar den h\u00e4r b\u00e4nken allt du beh\u00f6ver.<\/p>\n<p data-start=\"516\" data-end=\"531\"><strong data-start=\"516\" data-end=\"531\">Egenskaper:<\/strong><\/p>\n<ul data-start=\"532\" data-end=\"902\">\n<li data-start=\"532\" data-end=\"611\">\n<p data-start=\"534\" data-end=\"611\">Justerbar ryggdel med flera l\u00e4gen: fr\u00e5n rak lutning till uppr\u00e4tt sittande<\/p>\n<\/li>\n<li data-start=\"612\" data-end=\"664\">\n<p data-start=\"614\" data-end=\"664\">Justerbar sits f\u00f6r optimal position i varje \u00f6vning<\/p>\n<\/li>\n<li data-start=\"665\" data-end=\"751\">\n<p data-start=\"667\" data-end=\"751\">Robust st\u00e5lram med h\u00f6g viktkapacitet \u2013 byggd f\u00f6r b\u00e5de hemmagym och kommersiellt bruk<\/p>\n<\/li>\n<li data-start=\"752\" data-end=\"802\">\n<p data-start=\"754\" data-end=\"802\">Tjock, slitstark stoppning f\u00f6r l\u00e5ngvarig komfort<\/p>\n<\/li>\n<li data-start=\"803\" data-end=\"851\">\n<p data-start=\"805\" data-end=\"851\">Gummif\u00f6tter f\u00f6r stabilitet och skydd av golvet<\/p>\n<\/li>\n<li data-start=\"852\" data-end=\"902\">\n<p data-start=\"854\" data-end=\"902\">Transporthjul och handtag f\u00f6r enkel f\u00f6rflyttning<\/p>\n<\/li>\n<\/ul>\n<p>&nbsp;<\/p>\n<p data-start=\"985\" data-end=\"1112\">Med <em data-start=\"989\" data-end=\"1017\">Steel Strongs St\u00e4llbara B\u00e4nk<\/em> f\u00e5r du en komplett l\u00f6sning f\u00f6r seri\u00f6s styrketr\u00e4ning \u2013 i en design som h\u00e5ller, pass efter pass.<\/p>\n","protected":false},"excerpt":{"rendered":"[contact-form][contact-field label=\"Namn\" type=\"name\"  required=\"true\" \/][contact-field label=\"E-post\" type=\"email\" required=\"true\" \/][contact-field label=\"Webbplats\" type=\"url\" \/][contact-field label=\"Meddelande\" type=\"textarea\" \/][\/contact-form]\n<p>Med <em data-start=\"989\" data-end=\"1017\">Steel Strong Adjustable Bench<\/em>\u00a0f\u00e5r du en komplett l\u00f6sning f\u00f6r seri\u00f6s styrketr\u00e4ning \u2013 i en design som h\u00e5ller, pass efter pass.<\/p>\n","protected":false},"featured_media":9245,"comment_status":"open","ping_status":"closed","template":"","meta":[],"product_brand":[],"product_cat":[24,19],"product_tag":[],"class_list":{"0":"post-9241","1":"product","2":"type-product","3":"status-publish","4":"has-post-thumbnail","6":"product_cat-bankar","7":"product_cat-styrkeutrustning","8":"product_shipping_class-over-50-kg","10":"first","11":"instock","12":"taxable","13":"shipping-taxable","14":"purchasable","15":"product-type-simple"},"yoast_head":"<!-- This site is optimized with the Yoast SEO plugin v25.3.1 - https:\/\/yoast.com\/wordpress\/plugins\/seo\/ -->\n<title>Adjustable Bench - STEEL STRONG<\/title>\n<meta name=\"description\" content=\"H\u00f6gkvalitativ st\u00e4llbar b\u00e4nk gjord f\u00f6r dem seri\u00f6sa gymmen och atleterna! - STEEL STRONG svensktillverkad utrustning d\u00e4r design m\u00f6ter kvalit\u00e9!\" \/>\n<meta name=\"robots\" content=\"index, follow, max-snippet:-1, max-image-preview:large, max-video-preview:-1\" \/>\n<link rel=\"canonical\" href=\"https:\/\/steelstrong.se\/webshop\/index.php\/produkt\/steel-strong-adjustable-bench\/\" \/>\n<meta property=\"og:locale\" content=\"sv_SE\" \/>\n<meta property=\"og:type\" content=\"article\" \/>\n<meta property=\"og:title\" content=\"Adjustable Bench - STEEL STRONG\" \/>\n<meta property=\"og:description\" content=\"H\u00f6gkvalitativ st\u00e4llbar b\u00e4nk gjord f\u00f6r dem seri\u00f6sa gymmen och atleterna! - STEEL STRONG svensktillverkad utrustning d\u00e4r design m\u00f6ter kvalit\u00e9!\" \/>\n<meta property=\"og:url\" content=\"https:\/\/steelstrong.se\/webshop\/index.php\/produkt\/steel-strong-adjustable-bench\/\" \/>\n<meta property=\"og:site_name\" content=\"STEEL STRONG\" \/>\n<meta property=\"article:modified_time\" content=\"2026-02-05T05:34:04+00:00\" \/>\n<meta property=\"og:image\" content=\"https:\/\/steelstrong.se\/webshop\/wp-content\/uploads\/2025\/06\/471.png\" \/>\n\t<meta property=\"og:image:width\" content=\"1080\" \/>\n\t<meta property=\"og:image:height\" content=\"1350\" \/>\n\t<meta property=\"og:image:type\" content=\"image\/png\" \/>\n<meta name=\"twitter:card\" content=\"summary_large_image\" \/>\n<meta name=\"twitter:label1\" content=\"Ber\u00e4knad l\u00e4stid\" \/>\n\t<meta name=\"twitter:data1\" content=\"1 minut\" \/>\n<script type=\"application\/ld+json\" class=\"yoast-schema-graph\">{\"@context\":\"https:\/\/schema.org\",\"@graph\":[{\"@type\":\"WebPage\",\"@id\":\"https:\/\/steelstrong.se\/webshop\/index.php\/produkt\/steel-strong-adjustable-bench\/\",\"url\":\"https:\/\/steelstrong.se\/webshop\/index.php\/produkt\/steel-strong-adjustable-bench\/\",\"name\":\"Adjustable Bench - STEEL STRONG\",\"isPartOf\":{\"@id\":\"https:\/\/steelstrong.se\/webshop\/#website\"},\"primaryImageOfPage\":{\"@id\":\"https:\/\/steelstrong.se\/webshop\/index.php\/produkt\/steel-strong-adjustable-bench\/#primaryimage\"},\"image\":{\"@id\":\"https:\/\/steelstrong.se\/webshop\/index.php\/produkt\/steel-strong-adjustable-bench\/#primaryimage\"},\"thumbnailUrl\":\"https:\/\/steelstrong.se\/webshop\/wp-content\/uploads\/2025\/06\/471.png\",\"datePublished\":\"2025-06-02T06:34:20+00:00\",\"dateModified\":\"2026-02-05T05:34:04+00:00\",\"description\":\"H\u00f6gkvalitativ st\u00e4llbar b\u00e4nk gjord f\u00f6r dem seri\u00f6sa gymmen och atleterna! - STEEL STRONG svensktillverkad utrustning d\u00e4r design m\u00f6ter kvalit\u00e9!\",\"breadcrumb\":{\"@id\":\"https:\/\/steelstrong.se\/webshop\/index.php\/produkt\/steel-strong-adjustable-bench\/#breadcrumb\"},\"inLanguage\":\"sv-SE\",\"potentialAction\":[{\"@type\":\"ReadAction\",\"target\":[\"https:\/\/steelstrong.se\/webshop\/index.php\/produkt\/steel-strong-adjustable-bench\/\"]}]},{\"@type\":\"ImageObject\",\"inLanguage\":\"sv-SE\",\"@id\":\"https:\/\/steelstrong.se\/webshop\/index.php\/produkt\/steel-strong-adjustable-bench\/#primaryimage\",\"url\":\"https:\/\/steelstrong.se\/webshop\/wp-content\/uploads\/2025\/06\/471.png\",\"contentUrl\":\"https:\/\/steelstrong.se\/webshop\/wp-content\/uploads\/2025\/06\/471.png\",\"width\":1080,\"height\":1350},{\"@type\":\"BreadcrumbList\",\"@id\":\"https:\/\/steelstrong.se\/webshop\/index.php\/produkt\/steel-strong-adjustable-bench\/#breadcrumb\",\"itemListElement\":[{\"@type\":\"ListItem\",\"position\":1,\"name\":\"Hem\",\"item\":\"https:\/\/steelstrong.se\/webshop\/\"},{\"@type\":\"ListItem\",\"position\":2,\"name\":\"Butik\",\"item\":\"https:\/\/steelstrong.se\/webshop\/index.php\/butik\/\"},{\"@type\":\"ListItem\",\"position\":3,\"name\":\"Adjustable Bench\"}]},{\"@type\":\"WebSite\",\"@id\":\"https:\/\/steelstrong.se\/webshop\/#website\",\"url\":\"https:\/\/steelstrong.se\/webshop\/\",\"name\":\"STEEL STRONG\",\"description\":\"Svensktillverkad Gymutrustning\",\"publisher\":{\"@id\":\"https:\/\/steelstrong.se\/webshop\/#organization\"},\"potentialAction\":[{\"@type\":\"SearchAction\",\"target\":{\"@type\":\"EntryPoint\",\"urlTemplate\":\"https:\/\/steelstrong.se\/webshop\/?s={search_term_string}\"},\"query-input\":{\"@type\":\"PropertyValueSpecification\",\"valueRequired\":true,\"valueName\":\"search_term_string\"}}],\"inLanguage\":\"sv-SE\"},{\"@type\":\"Organization\",\"@id\":\"https:\/\/steelstrong.se\/webshop\/#organization\",\"name\":\"STEEL STRONG\",\"url\":\"https:\/\/steelstrong.se\/webshop\/\",\"logo\":{\"@type\":\"ImageObject\",\"inLanguage\":\"sv-SE\",\"@id\":\"https:\/\/steelstrong.se\/webshop\/#\/schema\/logo\/image\/\",\"url\":\"https:\/\/steelstrong.se\/webshop\/wp-content\/uploads\/2025\/01\/cropped-Keniwo-Logo-kvadrat-2.png\",\"contentUrl\":\"https:\/\/steelstrong.se\/webshop\/wp-content\/uploads\/2025\/01\/cropped-Keniwo-Logo-kvadrat-2.png\",\"width\":750,\"height\":114,\"caption\":\"STEEL STRONG\"},\"image\":{\"@id\":\"https:\/\/steelstrong.se\/webshop\/#\/schema\/logo\/image\/\"},\"sameAs\":[\"https:\/\/www.instagram.com\/steelstrong_fabrication\/\"]}]}<\/script>\n<!-- \/ Yoast SEO plugin. -->","yoast_head_json":{"title":"Adjustable Bench - STEEL STRONG","description":"H\u00f6gkvalitativ st\u00e4llbar b\u00e4nk gjord f\u00f6r dem seri\u00f6sa gymmen och atleterna! - STEEL STRONG svensktillverkad utrustning d\u00e4r design m\u00f6ter kvalit\u00e9!","robots":{"index":"index","follow":"follow","max-snippet":"max-snippet:-1","max-image-preview":"max-image-preview:large","max-video-preview":"max-video-preview:-1"},"canonical":"https:\/\/steelstrong.se\/webshop\/index.php\/produkt\/steel-strong-adjustable-bench\/","og_locale":"sv_SE","og_type":"article","og_title":"Adjustable Bench - STEEL STRONG","og_description":"H\u00f6gkvalitativ st\u00e4llbar b\u00e4nk gjord f\u00f6r dem seri\u00f6sa gymmen och atleterna! - STEEL STRONG svensktillverkad utrustning d\u00e4r design m\u00f6ter kvalit\u00e9!","og_url":"https:\/\/steelstrong.se\/webshop\/index.php\/produkt\/steel-strong-adjustable-bench\/","og_site_name":"STEEL STRONG","article_modified_time":"2026-02-05T05:34:04+00:00","og_image":[{"width":1080,"height":1350,"url":"https:\/\/steelstrong.se\/webshop\/wp-content\/uploads\/2025\/06\/471.png","type":"image\/png"}],"twitter_card":"summary_large_image","twitter_misc":{"Ber\u00e4knad l\u00e4stid":"1 minut"},"schema":{"@context":"https:\/\/schema.org","@graph":[{"@type":"WebPage","@id":"https:\/\/steelstrong.se\/webshop\/index.php\/produkt\/steel-strong-adjustable-bench\/","url":"https:\/\/steelstrong.se\/webshop\/index.php\/produkt\/steel-strong-adjustable-bench\/","name":"Adjustable Bench - STEEL STRONG","isPartOf":{"@id":"https:\/\/steelstrong.se\/webshop\/#website"},"primaryImageOfPage":{"@id":"https:\/\/steelstrong.se\/webshop\/index.php\/produkt\/steel-strong-adjustable-bench\/#primaryimage"},"image":{"@id":"https:\/\/steelstrong.se\/webshop\/index.php\/produkt\/steel-strong-adjustable-bench\/#primaryimage"},"thumbnailUrl":"https:\/\/steelstrong.se\/webshop\/wp-content\/uploads\/2025\/06\/471.png","datePublished":"2025-06-02T06:34:20+00:00","dateModified":"2026-02-05T05:34:04+00:00","description":"H\u00f6gkvalitativ st\u00e4llbar b\u00e4nk gjord f\u00f6r dem seri\u00f6sa gymmen och atleterna! - STEEL STRONG svensktillverkad utrustning d\u00e4r design m\u00f6ter kvalit\u00e9!","breadcrumb":{"@id":"https:\/\/steelstrong.se\/webshop\/index.php\/produkt\/steel-strong-adjustable-bench\/#breadcrumb"},"inLanguage":"sv-SE","potentialAction":[{"@type":"ReadAction","target":["https:\/\/steelstrong.se\/webshop\/index.php\/produkt\/steel-strong-adjustable-bench\/"]}]},{"@type":"ImageObject","inLanguage":"sv-SE","@id":"https:\/\/steelstrong.se\/webshop\/index.php\/produkt\/steel-strong-adjustable-bench\/#primaryimage","url":"https:\/\/steelstrong.se\/webshop\/wp-content\/uploads\/2025\/06\/471.png","contentUrl":"https:\/\/steelstrong.se\/webshop\/wp-content\/uploads\/2025\/06\/471.png","width":1080,"height":1350},{"@type":"BreadcrumbList","@id":"https:\/\/steelstrong.se\/webshop\/index.php\/produkt\/steel-strong-adjustable-bench\/#breadcrumb","itemListElement":[{"@type":"ListItem","position":1,"name":"Hem","item":"https:\/\/steelstrong.se\/webshop\/"},{"@type":"ListItem","position":2,"name":"Butik","item":"https:\/\/steelstrong.se\/webshop\/index.php\/butik\/"},{"@type":"ListItem","position":3,"name":"Adjustable Bench"}]},{"@type":"WebSite","@id":"https:\/\/steelstrong.se\/webshop\/#website","url":"https:\/\/steelstrong.se\/webshop\/","name":"STEEL STRONG","description":"Svensktillverkad Gymutrustning","publisher":{"@id":"https:\/\/steelstrong.se\/webshop\/#organization"},"potentialAction":[{"@type":"SearchAction","target":{"@type":"EntryPoint","urlTemplate":"https:\/\/steelstrong.se\/webshop\/?s={search_term_string}"},"query-input":{"@type":"PropertyValueSpecification","valueRequired":true,"valueName":"search_term_string"}}],"inLanguage":"sv-SE"},{"@type":"Organization","@id":"https:\/\/steelstrong.se\/webshop\/#organization","name":"STEEL STRONG","url":"https:\/\/steelstrong.se\/webshop\/","logo":{"@type":"ImageObject","inLanguage":"sv-SE","@id":"https:\/\/steelstrong.se\/webshop\/#\/schema\/logo\/image\/","url":"https:\/\/steelstrong.se\/webshop\/wp-content\/uploads\/2025\/01\/cropped-Keniwo-Logo-kvadrat-2.png","contentUrl":"https:\/\/steelstrong.se\/webshop\/wp-content\/uploads\/2025\/01\/cropped-Keniwo-Logo-kvadrat-2.png","width":750,"height":114,"caption":"STEEL STRONG"},"image":{"@id":"https:\/\/steelstrong.se\/webshop\/#\/schema\/logo\/image\/"},"sameAs":["https:\/\/www.instagram.com\/steelstrong_fabrication\/"]}]}},"jetpack_sharing_enabled":true,"_links":{"self":[{"href":"https:\/\/steelstrong.se\/webshop\/index.php\/wp-json\/wp\/v2\/product\/9241","targetHints":{"allow":["GET"]}}],"collection":[{"href":"https:\/\/steelstrong.se\/webshop\/index.php\/wp-json\/wp\/v2\/product"}],"about":[{"href":"https:\/\/steelstrong.se\/webshop\/index.php\/wp-json\/wp\/v2\/types\/product"}],"replies":[{"embeddable":true,"href":"https:\/\/steelstrong.se\/webshop\/index.php\/wp-json\/wp\/v2\/comments?post=9241"}],"wp:featuredmedia":[{"embeddable":true,"href":"https:\/\/steelstrong.se\/webshop\/index.php\/wp-json\/wp\/v2\/media\/9245"}],"wp:attachment":[{"href":"https:\/\/steelstrong.se\/webshop\/index.php\/wp-json\/wp\/v2\/media?parent=9241"}],"wp:term":[{"taxonomy":"product_brand","embeddable":true,"href":"https:\/\/steelstrong.se\/webshop\/index.php\/wp-json\/wp\/v2\/product_brand?post=9241"},{"taxonomy":"product_cat","embeddable":true,"href":"https:\/\/steelstrong.se\/webshop\/index.php\/wp-json\/wp\/v2\/product_cat?post=9241"},{"taxonomy":"product_tag","embeddable":true,"href":"https:\/\/steelstrong.se\/webshop\/index.php\/wp-json\/wp\/v2\/product_tag?post=9241"}],"curies":[{"name":"wp","href":"https:\/\/api.w.org\/{rel}","templated":true}]}}